{"id":34854,"date":"2025-02-18T13:49:51","date_gmt":"2025-02-18T12:49:51","guid":{"rendered":"https:\/\/crodev.swisssoftware24.ch\/?post_type=product&#038;p=34854"},"modified":"2025-11-29T23:56:54","modified_gmt":"2025-11-29T22:56:54","slug":"acronis-true-image-essentials","status":"publish","type":"product","link":"https:\/\/crodev.swisssoftware24.ch\/it\/products\/acronis-true-image-essentials\/","title":{"rendered":"Acronis True Image Essentials"},"content":{"rendered":"<p data-start=\"0\" data-end=\"378\">Acronis True Image Essentials \u00e8 la soluzione di backup snella e intuitiva per chi desidera backup locali affidabili senza abbonamenti cloud. Esegui immagini complete di sistema, cartelle o file su dischi esterni, SSD o NAS\u2014con pianificazioni automatiche.<\/p>\n<p data-start=\"380\" data-end=\"600\">Grazie ai backup incrementali e differenziali, risparmi tempo e spazio: vengono salvate solo le modifiche, mantenendo per\u00f2 ripristini rapidi e precisi.<\/p>\n<p data-start=\"602\" data-end=\"856\">In emergenza puoi ripristinare velocemente singoli file o l\u2019intero sistema\u2014su hardware identico o nuovo. Un supporto di salvataggio avviabile (Acronis Survival Kit) aiuta, opzionalmente, nel ripristino bare-metal.<\/p>\n<p data-start=\"602\" data-end=\"856\"><strong>Puoi trovare maggiori informazioni su questo prodotto\u00a0<a href=\"https:\/\/crodev.swisssoftware24.ch\/it\/acronis-true-image-essentials-fokussiert-schnell-sicher\/\">qui<\/a>.<\/strong><\/p>\n<h3 data-start=\"1010\" data-end=\"1432\">Acronis True Image Essentials \u2013 requisiti di sistema<\/h3>\n<ul>\n<li data-start=\"63\" data-end=\"137\"><strong data-start=\"65\" data-end=\"79\">Processore:<\/strong> Intel Core 2 Duo o equivalente, 2 GHz o superiore.<\/li>\n<li data-start=\"138\" data-end=\"182\"><strong data-start=\"140\" data-end=\"160\">RAM:<\/strong> 2 GB di RAM o superiore.<\/li>\n<li data-start=\"183\" data-end=\"303\"><strong data-start=\"185\" data-end=\"203\">Spazio su disco:<\/strong> 7 GB per l'installazione + spazio di archiviazione aggiuntivo per i backup (a seconda del volume di dati).<\/li>\n<li data-start=\"304\" data-end=\"419\"><strong data-start=\"306\" data-end=\"325\">Sistema Operativo:<\/strong> Windows 11, 10, 8.1 \/ macOS Sonoma 14, Ventura 13, Monterey 12, Big Sur 11, Catalina 10.15.<\/li>\n<li data-start=\"420\" data-end=\"496\" data-is-last-node=\"\"><strong data-start=\"422\" data-end=\"435\">Internet:<\/strong> necessaria per l'attivazione, gli aggiornamenti e le funzionalit\u00e0 online.<\/li>\n<\/ul>\n\n    <div class=\"xs_social_share_widget xs_share_url after_content \t\tmain_content  wslu-style-1 wslu-share-box-shaped wslu-fill-colored wslu-none wslu-share-horizontal wslu-theme-font-no wslu-main_content\">\n\n\t\t\n        <ul>\n\t\t\t        <\/ul>\n    <\/div>","protected":false},"excerpt":{"rendered":"<p>Acronis True Image Essentials ist die schlanke, benutzerfreundliche Sicherungsl\u00f6sung f\u00fcr alle, die zuverl\u00e4ssige lokale Backups ohne Abo-Cloud suchen. Sichern Sie komplette System-Images, einzelne Ordner oder Dateien auf externe Festplatten, SSDs oder Ihr NAS \u2013 planbar und automatisierbar. Dank inkrementeller und differenzieller Backups sparen Sie Zeit und Speicherplatz: Es werden nur \u00c4nderungen gesichert, Wiederherstellungen bleiben trotzdem [&hellip;]<\/p>\n","protected":false},"featured_media":34858,"comment_status":"closed","ping_status":"closed","template":"","meta":{"_acf_changed":false},"product_brand":[],"product_cat":[129,63,94,64,65],"product_tag":[],"class_list":{"0":"post-34854","1":"product","2":"type-product","3":"status-publish","4":"has-post-thumbnail","6":"product_cat-acronis","7":"product_cat-antivirus-security","8":"product_cat-antivirus-security-fur-unternehmen","9":"product_cat-backup","10":"product_cat-fur-unternehmen","12":"first","13":"instock","14":"taxable","15":"shipping-taxable","16":"purchasable","17":"product-type-variable"},"acf":[],"_links":{"self":[{"href":"https:\/\/crodev.swisssoftware24.ch\/it\/wp-json\/wp\/v2\/product\/34854","targetHints":{"allow":["GET"]}}],"collection":[{"href":"https:\/\/crodev.swisssoftware24.ch\/it\/wp-json\/wp\/v2\/product"}],"about":[{"href":"https:\/\/crodev.swisssoftware24.ch\/it\/wp-json\/wp\/v2\/types\/product"}],"replies":[{"embeddable":true,"href":"https:\/\/crodev.swisssoftware24.ch\/it\/wp-json\/wp\/v2\/comments?post=34854"}],"wp:featuredmedia":[{"embeddable":true,"href":"https:\/\/crodev.swisssoftware24.ch\/it\/wp-json\/wp\/v2\/media\/34858"}],"wp:attachment":[{"href":"https:\/\/crodev.swisssoftware24.ch\/it\/wp-json\/wp\/v2\/media?parent=34854"}],"wp:term":[{"taxonomy":"product_brand","embeddable":true,"href":"https:\/\/crodev.swisssoftware24.ch\/it\/wp-json\/wp\/v2\/product_brand?post=34854"},{"taxonomy":"product_cat","embeddable":true,"href":"https:\/\/crodev.swisssoftware24.ch\/it\/wp-json\/wp\/v2\/product_cat?post=34854"},{"taxonomy":"product_tag","embeddable":true,"href":"https:\/\/crodev.swisssoftware24.ch\/it\/wp-json\/wp\/v2\/product_tag?post=34854"}],"curies":[{"name":"wp","href":"https:\/\/api.w.org\/{rel}","templated":true}]}}