{"id":15104,"date":"2023-03-08T02:15:03","date_gmt":"2023-03-08T01:15:03","guid":{"rendered":"https:\/\/crodev.swisssoftware24.ch\/?post_type=product&#038;p=15104"},"modified":"2025-11-30T00:17:24","modified_gmt":"2025-11-29T23:17:24","slug":"microsoft-office-professional-plus-2019","status":"publish","type":"product","link":"https:\/\/crodev.swisssoftware24.ch\/it\/products\/microsoft-office-professional-plus-2019\/","title":{"rendered":"Microsoft Office Professional Plus 2019"},"content":{"rendered":"<p><img loading=\"lazy\" decoding=\"async\" class=\"alignnone wp-image-15106 size-full\" src=\"https:\/\/crodev.swisssoftware24.ch\/wp-content\/uploads\/2023\/03\/office-professional-plus-2019.jpg\" alt=\"\" width=\"1800\" height=\"200\" srcset=\"https:\/\/crodev.swisssoftware24.ch\/wp-content\/uploads\/2023\/03\/office-professional-plus-2019.jpg 1800w, https:\/\/crodev.swisssoftware24.ch\/wp-content\/uploads\/2023\/03\/office-professional-plus-2019-600x67.jpg 600w, https:\/\/crodev.swisssoftware24.ch\/wp-content\/uploads\/2023\/03\/office-professional-plus-2019-64x7.jpg 64w, https:\/\/crodev.swisssoftware24.ch\/wp-content\/uploads\/2023\/03\/office-professional-plus-2019-300x33.jpg 300w, https:\/\/crodev.swisssoftware24.ch\/wp-content\/uploads\/2023\/03\/office-professional-plus-2019-1024x114.jpg 1024w, https:\/\/crodev.swisssoftware24.ch\/wp-content\/uploads\/2023\/03\/office-professional-plus-2019-768x85.jpg 768w, https:\/\/crodev.swisssoftware24.ch\/wp-content\/uploads\/2023\/03\/office-professional-plus-2019-1536x171.jpg 1536w\" sizes=\"auto, (max-width: 1800px) 100vw, 1800px\" \/><\/p>\n<p data-start=\"94\" data-end=\"425\">Microsoft Office Professional Plus 2019 offre una licenza perpetua con programmi potenti come Word, Excel, PowerPoint, Outlook, Publisher, Access, OneNote e Skype. Grazie alle licenze a volume, il software pu\u00f2 essere utilizzato su pi\u00f9 dispositivi, rendendolo la scelta perfetta per le aziende.<\/p>\n<p data-start=\"427\" data-end=\"932\">Le nuove funzionalit\u00e0 come il riconoscimento della scrittura a mano, gli strumenti di traduzione integrati e la collaborazione in tempo reale migliorata aumentano la produttivit\u00e0. Excel ora supporta le equazioni LaTeX e nuovi tipi di grafici, mentre PowerPoint consente presentazioni ancora pi\u00f9 coinvolgenti con grafica animata e vettori scalabili. Access facilita lo sviluppo di applicazioni aziendali personalizzate e Publisher aiuta a creare materiali di marketing professionali.<\/p>\n<p data-start=\"934\" data-end=\"1109\" data-is-last-node=\"\" data-is-only-node=\"\">Con funzionalit\u00e0 di accessibilit\u00e0 per documenti inclusivi e senza costi di abbonamento, Office Professional Plus 2019 \u00e8 la soluzione ottimale per aziende di tutte le dimensioni.<\/p>\n<p data-start=\"934\" data-end=\"1109\" data-is-last-node=\"\" data-is-only-node=\"\"><strong>Puoi trovare maggiori informazioni su questo prodotto\u00a0<a href=\"https:\/\/crodev.swisssoftware24.ch\/it\/microsoft-office-professional-plus-2019-die-umfassende-office-loesung-fuer-unternehmen\/\">qui<\/a>.<\/strong><\/p>\n<p><a href=\"https:\/\/www.microsoft.com\/en-us\/Useterms\/Retail\/Office\/2019Professional\/Useterms_Retail_Office_2019Professional_German.htm\"><img loading=\"lazy\" decoding=\"async\" class=\"alignnone size-full wp-image-15099\" src=\"https:\/\/crodev.swisssoftware24.ch\/wp-content\/uploads\/2023\/03\/license_term.jpg\" alt=\"\" width=\"227\" height=\"40\" srcset=\"https:\/\/crodev.swisssoftware24.ch\/wp-content\/uploads\/2023\/03\/license_term.jpg 227w, https:\/\/crodev.swisssoftware24.ch\/wp-content\/uploads\/2023\/03\/license_term-64x11.jpg 64w\" sizes=\"auto, (max-width: 227px) 100vw, 227px\" \/><\/a><\/p>\n<h3>Microsoft Office Professional Plus 2019 \u2013 requisiti di sistema<\/h3>\n<ul>\n<li><strong>Sistema operativo<\/strong>\u00a0 Da Windows 10<\/li>\n<li><strong>Processore<\/strong>\u00a0 1,6 GHz o pi\u00f9 veloce, dual core<\/li>\n<li><strong>Memoria di lavoro<\/strong>\u00a0 RAM da 4GB; 2 GB di RAM (32 bit)<\/li>\n<li><strong>Spazio su disco rigido<\/strong>\u00a0 4GB<\/li>\n<li><strong>Scheda grafica<\/strong>\u00a0 DirectX 9 o superiore con WDDM 2.0<\/li>\n<\/ul>\n\n    <div class=\"xs_social_share_widget xs_share_url after_content \t\tmain_content  wslu-style-1 wslu-share-box-shaped wslu-fill-colored wslu-none wslu-share-horizontal wslu-theme-font-no wslu-main_content\">\n\n\t\t\n        <ul>\n\t\t\t        <\/ul>\n    <\/div>","protected":false},"excerpt":{"rendered":"<p><span style=\"font-weight: 400\">Microsoft Office Professional Plus 2019 \u00e8 la suite pi\u00f9 professionale di programmi Office destinati all&#039;uso aziendale. Quali vantaggi offre questo pacchetto software? Innanzitutto si guadagna sicuramente molto tempo, perch\u00e9 le funzionalit\u00e0 incluse nel pacchetto ottimizzano perfettamente l&#039;orario di lavoro e migliorano la comunicazione e lo scambio di dati in azienda.<\/span><\/p>\n<p>Acquistando questo prodotto riceverai: link per il download + chiave prodotto (ESD) per 1 PC.<\/p>","protected":false},"featured_media":15105,"comment_status":"closed","ping_status":"closed","template":"","meta":{"_acf_changed":false},"product_brand":[],"product_cat":[71,73],"product_tag":[],"class_list":{"0":"post-15104","1":"product","2":"type-product","3":"status-publish","4":"has-post-thumbnail","6":"product_cat-office","7":"product_cat-office-2019","9":"first","10":"onbackorder","11":"sale","12":"taxable","13":"shipping-taxable","14":"purchasable","15":"product-type-simple"},"acf":[],"_links":{"self":[{"href":"https:\/\/crodev.swisssoftware24.ch\/it\/wp-json\/wp\/v2\/product\/15104","targetHints":{"allow":["GET"]}}],"collection":[{"href":"https:\/\/crodev.swisssoftware24.ch\/it\/wp-json\/wp\/v2\/product"}],"about":[{"href":"https:\/\/crodev.swisssoftware24.ch\/it\/wp-json\/wp\/v2\/types\/product"}],"replies":[{"embeddable":true,"href":"https:\/\/crodev.swisssoftware24.ch\/it\/wp-json\/wp\/v2\/comments?post=15104"}],"wp:featuredmedia":[{"embeddable":true,"href":"https:\/\/crodev.swisssoftware24.ch\/it\/wp-json\/wp\/v2\/media\/15105"}],"wp:attachment":[{"href":"https:\/\/crodev.swisssoftware24.ch\/it\/wp-json\/wp\/v2\/media?parent=15104"}],"wp:term":[{"taxonomy":"product_brand","embeddable":true,"href":"https:\/\/crodev.swisssoftware24.ch\/it\/wp-json\/wp\/v2\/product_brand?post=15104"},{"taxonomy":"product_cat","embeddable":true,"href":"https:\/\/crodev.swisssoftware24.ch\/it\/wp-json\/wp\/v2\/product_cat?post=15104"},{"taxonomy":"product_tag","embeddable":true,"href":"https:\/\/crodev.swisssoftware24.ch\/it\/wp-json\/wp\/v2\/product_tag?post=15104"}],"curies":[{"name":"wp","href":"https:\/\/api.w.org\/{rel}","templated":true}]}}