{"id":39917,"date":"2025-10-03T13:15:47","date_gmt":"2025-10-03T11:15:47","guid":{"rendered":"https:\/\/crodev.swisssoftware24.ch\/?post_type=product&#038;p=39917"},"modified":"2026-01-14T16:33:43","modified_gmt":"2026-01-14T15:33:43","slug":"office-2024-standard-2-user","status":"publish","type":"product","link":"https:\/\/crodev.swisssoftware24.ch\/fr\/products\/office-2024-standard-2-user\/","title":{"rendered":"Office 2024 Standard 2 User"},"content":{"rendered":"<p data-start=\"422\" data-end=\"782\">Microsoft Office 2024 Standard offre une solution compl\u00e8te, puissante et fiable pour travailler efficacement \u2014 sous forme de licence perp\u00e9tuelle <strong>(sans abonnement)<\/strong> jusqu'\u00e0 deux PC Windows. Id\u00e9ale pour les petites entreprises, les \u00e9quipes ou les familles, cette version combine des programmes Office \u00e9prouv\u00e9s avec des fonctionnalit\u00e9s modernes, le tout sans frais r\u00e9currents.<br \/>\nAvec un acc\u00e8s \u00e0 vie aux applications cl\u00e9s comme Word, Excel, PowerPoint, Outlook, Publisher et OneNote, vous disposez d\u2019une bo\u00eete \u00e0 outils polyvalente : de la r\u00e9daction professionnelle \u00e0 l\u2019analyse de donn\u00e9es intelligente, en passant par la cr\u00e9ation de pr\u00e9sentations et de supports imprim\u00e9s. Office 2024 Standard garantit des processus fluides au quotidien \u2014 efficace, confortable et p\u00e9renne.<\/p>\n<p data-start=\"784\" data-end=\"1148\"><!--StartFragment --><\/p>\n<p>La version Standard de Microsoft Office 2024 comprend des fonctions d\u2019IA de base, mais pas l\u2019assistant Copilot complet tel qu\u2019il est int\u00e9gr\u00e9 dans la version Home &amp; Business ou Microsoft 365.<\/p>\n<p data-start=\"1150\" data-end=\"1408\">Gr\u00e2ce aux nouvelles fonctions intelligentes d\u2019Excel, aux sous-titres automatiques dans PowerPoint et \u00e0 la gestion intelligente des e-mails dans Outlook, Office 2024 Standard est parfaitement adapt\u00e9 au travail moderne \u2014 \u00e0 domicile comme en petite entreprise.<\/p>\n<p data-start=\"1150\" data-end=\"1408\"><!--StartFragment --><\/p>\n<p>Programmes inclus dans Microsoft Office 2024 Standard:<\/p>\n<ul>\n<li><strong>Word<\/strong> \u2013 pour la r\u00e9daction professionnelle<\/li>\n<li><strong>Excel<\/strong> \u2013 pour les feuilles de calcul et l\u2019analyse de donn\u00e9es<\/li>\n<li><strong>PowerPoint<\/strong> \u2013 pour la gestion des e-mails et l\u2019agenda<\/li>\n<li><strong>Outlook<\/strong> \u2013 pour la gestion des e-mails et l\u2019agenda<\/li>\n<li><strong>Publisher<\/strong> \u2013 pour la cr\u00e9ation de supports imprim\u00e9s (flyers, brochures)<\/li>\n<li><strong>OneNote<\/strong> \u2013 pour les notes num\u00e9riques et l\u2019organisation<\/li>\n<\/ul>\n<p data-start=\"1150\" data-end=\"1408\"><!--EndFragment --><\/p>\n<p data-start=\"1150\" data-end=\"1408\"><strong>Vous trouverez plus d'informations sur ce produit\u00a0<a href=\"https:\/\/crodev.swisssoftware24.ch\/fr\/microsoft-office-2024-standard-dauerlizenz-ohne-abo-fuer-wen-lohnt-sich-das\/\">ici<\/a>.<\/strong><\/p>\n<h3>Microsoft Office 2024 Standard<strong>\u00a0\u2013 C<\/strong><strong>onfiguration requise<\/strong><\/h3>\n<ul>\n<li>Processeur \u2013 processeur 1,6 GHz<\/li>\n<li>Syst\u00e8me \u2013 Windows 11 et Windows 10<\/li>\n<li>M\u00e9moire \u2013 4 Go (64 bits), 2 Go (32 bits)<\/li>\n<li>Espace libre \u2013 4 Go<\/li>\n<li>Affichage \u2013 panneau 1024 \u00d7 768<\/li>\n<li>Exigences suppl\u00e9mentaires du syst\u00e8me: Connexion Internet; compte Microsoft.<\/li>\n<\/ul>\n<p>&nbsp;<\/p>\n<p><!--StartFragment --><strong>Attention! Ce produit est disponible en nombre limit\u00e9 (2 utilisateurs ou PC). Une r\u00e9activation peut \u00eatre n\u00e9cessaire apr\u00e8s un changement de composant ou une mise \u00e0 niveau du syst\u00e8me.<\/strong> <!--EndFragment --><\/p>\n\n    <div class=\"xs_social_share_widget xs_share_url after_content \t\tmain_content  wslu-style-1 wslu-share-box-shaped wslu-fill-colored wslu-none wslu-share-horizontal wslu-theme-font-no wslu-main_content\">\n\n\t\t\n        <ul>\n\t\t\t        <\/ul>\n    <\/div>","protected":false},"excerpt":{"rendered":"<p>Microsoft Office 2024 Standard ist die ideale L\u00f6sung f\u00fcr Familien, kleine Teams und Organisationen, die zuverl\u00e4ssige Office-Programme f\u00fcr den t\u00e4glichen Einsatz ben\u00f6tigen. Die neue Version bietet verbesserte Funktionen, mehr Komfort und eine stabile Leistung \u2013 perfekt f\u00fcr produktives Arbeiten auf bis zu f\u00fcnf Windows-PCs.<\/p>","protected":false},"featured_media":39420,"comment_status":"closed","ping_status":"closed","template":"","meta":{"_acf_changed":false},"product_brand":[],"product_cat":[71,141,122,77,80],"product_tag":[],"class_list":{"0":"post-39917","1":"product","2":"type-product","3":"status-publish","4":"has-post-thumbnail","6":"product_cat-office","7":"product_cat-office-2024","8":"product_cat-office-bestseller","9":"product_cat-office-programme","10":"product_cat-sonderangebot","12":"first","13":"instock","14":"sale","15":"taxable","16":"shipping-taxable","17":"purchasable","18":"product-type-simple"},"acf":[],"_links":{"self":[{"href":"https:\/\/crodev.swisssoftware24.ch\/fr\/wp-json\/wp\/v2\/product\/39917","targetHints":{"allow":["GET"]}}],"collection":[{"href":"https:\/\/crodev.swisssoftware24.ch\/fr\/wp-json\/wp\/v2\/product"}],"about":[{"href":"https:\/\/crodev.swisssoftware24.ch\/fr\/wp-json\/wp\/v2\/types\/product"}],"replies":[{"embeddable":true,"href":"https:\/\/crodev.swisssoftware24.ch\/fr\/wp-json\/wp\/v2\/comments?post=39917"}],"wp:featuredmedia":[{"embeddable":true,"href":"https:\/\/crodev.swisssoftware24.ch\/fr\/wp-json\/wp\/v2\/media\/39420"}],"wp:attachment":[{"href":"https:\/\/crodev.swisssoftware24.ch\/fr\/wp-json\/wp\/v2\/media?parent=39917"}],"wp:term":[{"taxonomy":"product_brand","embeddable":true,"href":"https:\/\/crodev.swisssoftware24.ch\/fr\/wp-json\/wp\/v2\/product_brand?post=39917"},{"taxonomy":"product_cat","embeddable":true,"href":"https:\/\/crodev.swisssoftware24.ch\/fr\/wp-json\/wp\/v2\/product_cat?post=39917"},{"taxonomy":"product_tag","embeddable":true,"href":"https:\/\/crodev.swisssoftware24.ch\/fr\/wp-json\/wp\/v2\/product_tag?post=39917"}],"curies":[{"name":"wp","href":"https:\/\/api.w.org\/{rel}","templated":true}]}}