{"id":24845,"date":"2024-03-24T18:47:20","date_gmt":"2024-03-24T17:47:20","guid":{"rendered":"https:\/\/crodev.swisssoftware24.ch\/?post_type=product&#038;p=24845"},"modified":"2025-11-30T00:17:25","modified_gmt":"2025-11-29T23:17:25","slug":"ashampoo-office-9","status":"publish","type":"product","link":"https:\/\/crodev.swisssoftware24.ch\/fr\/products\/ashampoo-office-9\/","title":{"rendered":"Ashampoo Office 9"},"content":{"rendered":"<p data-start=\"387\" data-end=\"663\">Ashampoo Office 9 est une suite bureautique puissante qui allie design moderne et fonctionnalit\u00e9 compl\u00e8te. Le logiciel permet de cr\u00e9er des documents texte, des feuilles de calcul et des pr\u00e9sentations professionnelles \u2013 sans abonnement, avec une interface intuitive.<\/p>\n<p data-start=\"665\" data-end=\"1023\">Avec ses fonctions innovantes telles que la correction orthographique intelligente, l\u2019exportation PDF, les outils d\u2019analyse de donn\u00e9es et le mode sombre, Ashampoo Office 9 offre tout ce dont les utilisateurs ont besoin pour leur travail quotidien. Sa compatibilit\u00e9 avec les formats Microsoft Office est particuli\u00e8rement appr\u00e9ci\u00e9e.<\/p>\n<p data-start=\"1025\" data-end=\"1314\">Que ce soit pour le t\u00e9l\u00e9travail, les petites entreprises ou les projets personnels, Ashampoo Office 9 est une solution flexible et fiable. Parfait pour ceux qui veulent une suite bureautique puissante sans engagement mensuel.<\/p>\n<p data-start=\"1025\" data-end=\"1314\"><strong>Vous trouverez plus d'informations sur ce produit\u00a0<a href=\"https:\/\/crodev.swisssoftware24.ch\/fr\/ashampoo-office-9-leistungsstarke-buerosoftware-fuer-jeden-bedarf\/\">ici<\/a>.<\/strong><\/p>\n<h3>Ashampoo Office 9 \u2013 configuration syst\u00e8me requise<\/h3>\n<ul>\n<li><strong class=\"font-semibold tracking-tight\">Syst\u00e8me d'exploitation <\/strong>Windows 10, 11<\/li>\n<li><strong class=\"font-semibold tracking-tight\">Configuration requise: <\/strong>Tout appareil prenant en charge les syst\u00e8mes d'exploitation mentionn\u00e9s ci-dessus<\/li>\n<li><strong class=\"font-semibold tracking-tight\">Autres: <\/strong>Une connexion Internet est requise pour activer le programme. La licence du programme est r\u00e9guli\u00e8rement v\u00e9rifi\u00e9e. Des droits d'administration sont n\u00e9cessaires pour installer et utiliser le programme.<\/li>\n<\/ul>\n\n    <div class=\"xs_social_share_widget xs_share_url after_content \t\tmain_content  wslu-style-1 wslu-share-box-shaped wslu-fill-colored wslu-none wslu-share-horizontal wslu-theme-font-no wslu-main_content\">\n\n\t\t\n        <ul>\n\t\t\t        <\/ul>\n    <\/div>","protected":false},"excerpt":{"rendered":"<p class=\"translation-block\">Ashampoo Office 9 est une suite bureautique avanc\u00e9e qui combine des outils pour travailler efficacement avec des documents, des feuilles de calcul et des pr\u00e9sentations. Gr\u00e2ce \u00e0 une interface utilisateur intuitive et une haute compatibilit\u00e9 avec les formats de Microsoft Office, les utilisateurs peuvent facilement cr\u00e9er, \u00e9diter et partager des documents.<\/p>\n<p class=\"translation-block\">Avec l'achat de ce produit, vous obtenez une licence \u00e0 vie sous forme de cl\u00e9 \u00e9lectronique, qui permet d'utiliser la suite bureautique sur cinq appareils. Cette version est sp\u00e9cialement con\u00e7ue pour les ordinateurs fonctionnant sous Windows. Le logiciel est disponible en plusieurs langues.<\/p>","protected":false},"featured_media":25457,"comment_status":"closed","ping_status":"closed","template":"","meta":{"_acf_changed":false},"product_brand":[],"product_cat":[95,65,77,83],"product_tag":[],"class_list":{"0":"post-24845","1":"product","2":"type-product","3":"status-publish","4":"has-post-thumbnail","6":"product_cat-buro-software","7":"product_cat-fur-unternehmen","8":"product_cat-office-programme","9":"product_cat-video-grafik-andere","11":"first","12":"onbackorder","13":"virtual","14":"taxable","15":"purchasable","16":"product-type-simple"},"acf":[],"_links":{"self":[{"href":"https:\/\/crodev.swisssoftware24.ch\/fr\/wp-json\/wp\/v2\/product\/24845","targetHints":{"allow":["GET"]}}],"collection":[{"href":"https:\/\/crodev.swisssoftware24.ch\/fr\/wp-json\/wp\/v2\/product"}],"about":[{"href":"https:\/\/crodev.swisssoftware24.ch\/fr\/wp-json\/wp\/v2\/types\/product"}],"replies":[{"embeddable":true,"href":"https:\/\/crodev.swisssoftware24.ch\/fr\/wp-json\/wp\/v2\/comments?post=24845"}],"wp:featuredmedia":[{"embeddable":true,"href":"https:\/\/crodev.swisssoftware24.ch\/fr\/wp-json\/wp\/v2\/media\/25457"}],"wp:attachment":[{"href":"https:\/\/crodev.swisssoftware24.ch\/fr\/wp-json\/wp\/v2\/media?parent=24845"}],"wp:term":[{"taxonomy":"product_brand","embeddable":true,"href":"https:\/\/crodev.swisssoftware24.ch\/fr\/wp-json\/wp\/v2\/product_brand?post=24845"},{"taxonomy":"product_cat","embeddable":true,"href":"https:\/\/crodev.swisssoftware24.ch\/fr\/wp-json\/wp\/v2\/product_cat?post=24845"},{"taxonomy":"product_tag","embeddable":true,"href":"https:\/\/crodev.swisssoftware24.ch\/fr\/wp-json\/wp\/v2\/product_tag?post=24845"}],"curies":[{"name":"wp","href":"https:\/\/api.w.org\/{rel}","templated":true}]}}