{"id":24770,"date":"2024-03-22T07:06:41","date_gmt":"2024-03-22T06:06:41","guid":{"rendered":"https:\/\/crodev.swisssoftware24.ch\/?post_type=product&#038;p=24770"},"modified":"2025-11-30T00:17:25","modified_gmt":"2025-11-29T23:17:25","slug":"ashampoo-burning-studio-25","status":"publish","type":"product","link":"https:\/\/crodev.swisssoftware24.ch\/fr\/products\/ashampoo-burning-studio-25\/","title":{"rendered":"Ashampoo Burning Studio 25"},"content":{"rendered":"<p data-start=\"98\" data-end=\"539\">Ashampoo Burning Studio 25 est un logiciel de gravure puissant et convivial qui se distingue par sa polyvalence et sa fiabilit\u00e9. Avec ce logiciel, les utilisateurs peuvent graver des donn\u00e9es sur des CD, des DVD et des Blu-ray, copier des disques et cr\u00e9er des CD audio. L'interface utilisateur am\u00e9lior\u00e9e assure un fonctionnement intuitif, permettant m\u00eame aux d\u00e9butants d'obtenir des r\u00e9sultats professionnels sans effort.<\/p>\n<p data-start=\"541\" data-end=\"872\">Les nouvelles fonctionnalit\u00e9s comprennent des sauvegardes automatis\u00e9es, une int\u00e9gration cloud optimis\u00e9e et une prise en charge am\u00e9lior\u00e9e du mat\u00e9riel moderne. Les utilisateurs peuvent non seulement sauvegarder et restaurer des donn\u00e9es, mais aussi concevoir des couvertures et des livrets personnalis\u00e9s pour donner \u00e0 leurs disques un aspect professionnel.<\/p>\n<p data-start=\"874\" data-end=\"1264\" data-is-last-node=\"\" data-is-only-node=\"\">En plus des fonctions classiques de gravure et de copie, Ashampoo Burning Studio 25 offre \u00e9galement des fonctionnalit\u00e9s de s\u00e9curit\u00e9 avanc\u00e9es telles que la protection par mot de passe et le cryptage de disque pour prot\u00e9ger les donn\u00e9es confidentielles. Que ce soit pour l'archivage de donn\u00e9es, les projets multim\u00e9dias ou les sauvegardes, ce programme est le choix id\u00e9al pour tous ceux qui ont besoin d'un logiciel de gravure fiable et polyvalent.<\/p>\n<p data-start=\"874\" data-end=\"1264\" data-is-last-node=\"\" data-is-only-node=\"\"><strong>Vous trouverez plus d'informations sur ce produit\u00a0<a href=\"https:\/\/crodev.swisssoftware24.ch\/fr\/ashampoo-burning-studio-25-die-ideale-brennsoftware-fuer-daten-musik-und-backups\/\">ici<\/a>.<\/strong><\/p>\n<h3>Ashampoo Burning Studio 25 \u2013 configuration syst\u00e8me requise<\/h3>\n<ul>\n<li><strong class=\"font-semibold tracking-tight\">Syst\u00e8me d'exploitation <\/strong>Windows 10, 11. Systeme mit ARM Prozessoren werden nicht unterst\u00fctzt.<\/li>\n<li><strong class=\"font-semibold tracking-tight\">Logiciels: <\/strong>Microsoft .NET Framework 4.5<\/li>\n<li><strong class=\"font-semibold tracking-tight\">M\u00e9moire (RAM): <\/strong>2 Go<\/li>\n<li><strong class=\"font-semibold tracking-tight\">Capacit\u00e9 du disque dur: <\/strong>250 Mo d'espace disque libre pour l'installation du programme ; 9 Go pour les fichiers temporaires (DVD) ; 25\/50 Go pour les fichiers temporaires (Blu-ray) ; 100 Go pour les fichiers temporaires (Blu-ray XL)<\/li>\n<li><strong class=\"font-semibold tracking-tight\">Carte graphique: <\/strong>DirectX 9, Pixelshader mat\u00e9riel v2.0, minimum 128 Mo de RAM<\/li>\n<li><strong class=\"font-semibold tracking-tight\">Soundkarte: <\/strong>Carte son standard (par exemple, OnBoard ou adaptateur USB)<\/li>\n<li><strong class=\"font-semibold tracking-tight\">Autres: <\/strong>Une connexion Internet est requise pour activer le programme.\nLa licence du programme est v\u00e9rifi\u00e9e r\u00e9guli\u00e8rement.\nUne connexion Internet est n\u00e9cessaire pour certains services et pour v\u00e9rifier le num\u00e9ro de s\u00e9rie lors de l'utilisation de certaines fonctionnalit\u00e9s.<\/li>\n<\/ul>\n\n    <div class=\"xs_social_share_widget xs_share_url after_content \t\tmain_content  wslu-style-1 wslu-share-box-shaped wslu-fill-colored wslu-none wslu-share-horizontal wslu-theme-font-no wslu-main_content\">\n\n\t\t\n        <ul>\n\t\t\t        <\/ul>\n    <\/div>","protected":false},"excerpt":{"rendered":"<p><strong>Ashampoo Burning Studio 25<\/strong> est la derni\u00e8re version d'un logiciel complet de gravure pour CD, DVD et Blu-ray, con\u00e7u pour r\u00e9pondre \u00e0 tous les besoins li\u00e9s \u00e0 la gravure de m\u00e9dias. Il permet de cr\u00e9er des disques de donn\u00e9es, des sauvegardes, des CD audio, et bien plus encore, avec de nouvelles fonctionnalit\u00e9s qui rendent vos projets de gravure encore plus efficaces et faciles \u00e0 utiliser.<\/p>\n<p class=\"translation-block\">En achetant ce produit, vous obtenez une licence \u00e0 vie sous forme de cl\u00e9 \u00e9lectronique, vous permettant d'utiliser cet ensemble d'outils complet pour une gestion efficace des disques sur un appareil. Cette version, con\u00e7ue pour les syst\u00e8mes d'exploitation Windows, est disponible en plusieurs langues.<\/p>","protected":false},"featured_media":25452,"comment_status":"closed","ping_status":"closed","template":"","meta":{"_acf_changed":false},"product_brand":[],"product_cat":[131,83],"product_tag":[],"class_list":{"0":"post-24770","1":"product","2":"type-product","3":"status-publish","4":"has-post-thumbnail","6":"product_cat-andere","7":"product_cat-video-grafik-andere","9":"first","10":"onbackorder","11":"virtual","12":"taxable","13":"purchasable","14":"product-type-simple"},"acf":[],"_links":{"self":[{"href":"https:\/\/crodev.swisssoftware24.ch\/fr\/wp-json\/wp\/v2\/product\/24770","targetHints":{"allow":["GET"]}}],"collection":[{"href":"https:\/\/crodev.swisssoftware24.ch\/fr\/wp-json\/wp\/v2\/product"}],"about":[{"href":"https:\/\/crodev.swisssoftware24.ch\/fr\/wp-json\/wp\/v2\/types\/product"}],"replies":[{"embeddable":true,"href":"https:\/\/crodev.swisssoftware24.ch\/fr\/wp-json\/wp\/v2\/comments?post=24770"}],"wp:featuredmedia":[{"embeddable":true,"href":"https:\/\/crodev.swisssoftware24.ch\/fr\/wp-json\/wp\/v2\/media\/25452"}],"wp:attachment":[{"href":"https:\/\/crodev.swisssoftware24.ch\/fr\/wp-json\/wp\/v2\/media?parent=24770"}],"wp:term":[{"taxonomy":"product_brand","embeddable":true,"href":"https:\/\/crodev.swisssoftware24.ch\/fr\/wp-json\/wp\/v2\/product_brand?post=24770"},{"taxonomy":"product_cat","embeddable":true,"href":"https:\/\/crodev.swisssoftware24.ch\/fr\/wp-json\/wp\/v2\/product_cat?post=24770"},{"taxonomy":"product_tag","embeddable":true,"href":"https:\/\/crodev.swisssoftware24.ch\/fr\/wp-json\/wp\/v2\/product_tag?post=24770"}],"curies":[{"name":"wp","href":"https:\/\/api.w.org\/{rel}","templated":true}]}}