{"id":24584,"date":"2024-03-17T21:30:47","date_gmt":"2024-03-17T20:30:47","guid":{"rendered":"https:\/\/crodev.swisssoftware24.ch\/?post_type=product&#038;p=24584"},"modified":"2025-11-30T00:17:25","modified_gmt":"2025-11-29T23:17:25","slug":"abbyy-screenshot-reader","status":"publish","type":"product","link":"https:\/\/crodev.swisssoftware24.ch\/fr\/products\/abbyy-screenshot-reader\/","title":{"rendered":"ABBYY Screenshot Reader"},"content":{"rendered":"<p data-start=\"0\" data-end=\"266\">ABBYY Screenshot Reader capture pr\u00e9cis\u00e9ment les zones d\u2019\u00e9cran\u2014du bureau complet \u00e0 une s\u00e9lection libre. Les captures sont enregistr\u00e9es en JPEG, PNG ou BMP, et l\u2019interface l\u00e9g\u00e8re rend l\u2019op\u00e9ration instantan\u00e9e.<\/p>\n<p data-start=\"268\" data-end=\"523\">La force du produit est le flux image-vers-texte : gr\u00e2ce \u00e0 l\u2019OCR IA, vous transformez le contenu affich\u00e9 en formats \u00e9ditables. Tableaux, listes et mise en page sont en grande partie pr\u00e9serv\u00e9s\u2014id\u00e9al pour r\u00e9utiliser dans des documents, emails ou messages.<\/p>\n<p data-start=\"525\" data-end=\"756\">Avec 180+ langues, d\u00e9marrage automatique et export vers DOC, XLS, TXT, CSV, ODT ou RTF, Screenshot Reader est l\u2019outil compact pour traiter le contenu de l\u2019\u00e9cran sans ressaisie.<\/p>\n<p data-start=\"525\" data-end=\"756\"><strong>Vous trouverez plus d'informations sur ce produit\u00a0<a href=\"https:\/\/crodev.swisssoftware24.ch\/fr\/abbyy-screenshot-reader-bildschirm-erfassen-text-uebernehmen-zeit-sparen\/\">ici<\/a>.<\/strong><\/p>\n<h3 class=\"p1\">ABBYY Screenshot Reader \u2013 configuration syst\u00e8me requise<\/h3>\n<ul>\n<li class=\"p1\"><b>Syst\u00e8me d\u2019exploitation pris en charge: <\/b>Microsoft Windows 7 \/ 8 \/ 8.1 \/ 10 \/ 11, Microsoft Windows Server 2008 R2, Microsoft Windows Server 2012, Microsoft Microsoft Windows Server 2012 R2, Microsoft Windows Server 2016,<\/li>\n<li class=\"translation-block\">PC avec processeur de 1 GHz ou plus<\/li>\n<li>1024 Mo de <strong>RAM.<\/strong><\/li>\n<li class=\"translation-block\">600 Mo d\u2019espace disque dur pour l\u2019installation typique et 700 Mo d\u2019espace pour l\u2019ex\u00e9cution du programme<\/li>\n<li class=\"translation-block\">Carte graphique et moniteur avec une r\u00e9solution de 1024\u00d7768 ou sup\u00e9rieure<\/li>\n<\/ul>\n\n    <div class=\"xs_social_share_widget xs_share_url after_content \t\tmain_content  wslu-style-1 wslu-share-box-shaped wslu-fill-colored wslu-none wslu-share-horizontal wslu-theme-font-no wslu-main_content\">\n\n\t\t\n        <ul>\n\t\t\t        <\/ul>\n    <\/div>","protected":false},"excerpt":{"rendered":"<p class=\"translation-block\">Transformez votre fa\u00e7on de travailler avec ABBYY Screenshot Reader, un logiciel puissant qui vous permet de capturer des captures d\u2019\u00e9cran et de convertir rapidement du texte en texte modifiable gr\u00e2ce \u00e0 une technologie avanc\u00e9e d'intelligence artificielle. Id\u00e9al pour la cr\u00e9ation de pr\u00e9sentations ou la modification de documents PDF, cette application offre une solution efficace pour r\u00e9pondre \u00e0 vos besoins num\u00e9riques.<\/p>\n<p class=\"translation-block\">En achetant ce produit, vous b\u00e9n\u00e9ficiez d'une licence \u00e0 vie sous forme de cl\u00e9 \u00e9lectronique, donnant acc\u00e8s \u00e0 la conversion d'images en texte pour un utilisateur. Disponible pour les ordinateurs sous syst\u00e8mes d\u2019exploitation Windows, y compris Windows Server, ABBYY Screenshot Reader est propos\u00e9 en version allemande ainsi qu'en version multilingue, comprenant l'anglais, le fran\u00e7ais, l'italien et l'espagnol.<\/p>","protected":false},"featured_media":24748,"comment_status":"closed","ping_status":"closed","template":"","meta":{"_acf_changed":false},"product_brand":[],"product_cat":[95,83],"product_tag":[],"class_list":{"0":"post-24584","1":"product","2":"type-product","3":"status-publish","4":"has-post-thumbnail","6":"product_cat-buro-software","7":"product_cat-video-grafik-andere","9":"first","10":"onbackorder","11":"taxable","12":"shipping-taxable","13":"purchasable","14":"product-type-simple"},"acf":[],"_links":{"self":[{"href":"https:\/\/crodev.swisssoftware24.ch\/fr\/wp-json\/wp\/v2\/product\/24584","targetHints":{"allow":["GET"]}}],"collection":[{"href":"https:\/\/crodev.swisssoftware24.ch\/fr\/wp-json\/wp\/v2\/product"}],"about":[{"href":"https:\/\/crodev.swisssoftware24.ch\/fr\/wp-json\/wp\/v2\/types\/product"}],"replies":[{"embeddable":true,"href":"https:\/\/crodev.swisssoftware24.ch\/fr\/wp-json\/wp\/v2\/comments?post=24584"}],"wp:featuredmedia":[{"embeddable":true,"href":"https:\/\/crodev.swisssoftware24.ch\/fr\/wp-json\/wp\/v2\/media\/24748"}],"wp:attachment":[{"href":"https:\/\/crodev.swisssoftware24.ch\/fr\/wp-json\/wp\/v2\/media?parent=24584"}],"wp:term":[{"taxonomy":"product_brand","embeddable":true,"href":"https:\/\/crodev.swisssoftware24.ch\/fr\/wp-json\/wp\/v2\/product_brand?post=24584"},{"taxonomy":"product_cat","embeddable":true,"href":"https:\/\/crodev.swisssoftware24.ch\/fr\/wp-json\/wp\/v2\/product_cat?post=24584"},{"taxonomy":"product_tag","embeddable":true,"href":"https:\/\/crodev.swisssoftware24.ch\/fr\/wp-json\/wp\/v2\/product_tag?post=24584"}],"curies":[{"name":"wp","href":"https:\/\/api.w.org\/{rel}","templated":true}]}}