{"id":21631,"date":"2023-11-22T12:25:07","date_gmt":"2023-11-22T11:25:07","guid":{"rendered":"https:\/\/crodev.swisssoftware24.ch\/?post_type=product&#038;p=21631"},"modified":"2025-11-29T23:56:54","modified_gmt":"2025-11-29T22:56:54","slug":"panda-dome-complete","status":"publish","type":"product","link":"https:\/\/crodev.swisssoftware24.ch\/fr\/products\/panda-dome-complete\/","title":{"rendered":"D\u00f4me Panda complet"},"content":{"rendered":"<p data-start=\"0\" data-end=\"290\">Panda Dome Complete prot\u00e8ge votre quotidien num\u00e9rique avec un temps r\u00e9el multi-couche contre malware, ransomware et phishing - Windows, macOS, Android et iOS dans un seul abonnement. L\u00e9ger, rapide, discret.<\/p>\n<p data-start=\"292\" data-end=\"555\">Avec pare-feu avanc\u00e9, Network Inspector et VPN (jusqu\u2019\u00e0 150 Mo\/jour, un emplacement virtuel), vous s\u00e9curisez le Wi-Fi et anonymisez le trafic. Contr\u00f4le parental, protection webcam, scan USB et anti-vol compl\u00e8tent le dispositif.<\/p>\n<p data-start=\"557\" data-end=\"820\">L\u2019\u00e9dition Complete ajoute des atouts de confidentialit\u00e9 &amp; confort : chiffrement de fichiers, clavier virtuel, gestionnaire de mots de passe et nettoyage pour booster performances et autonomie. Vos appareils restent vifs et vos donn\u00e9es, priv\u00e9es.<\/p>\n<p><strong>Vous trouverez plus d'informations sur ce produit\u00a0<a href=\"https:\/\/crodev.swisssoftware24.ch\/fr\/panda-dome-complete-vollschutz-der-alltagstauglich-bleibt\/\">ici<\/a>.<\/strong><\/p>\n<h3>Panda Dome Complete \u2013 configuration syst\u00e8me requise<\/h3>\n<p>Windows<\/p>\n<p>Syst\u00e8me d'exploitation<br \/>\nWindows 11 (32\/64-Bit)<br \/>\nWindows 10 (32\/64-Bit)<br \/>\nWindows 8\/8.1 (32\/64-Bit)<br \/>\nWindows 7 (32\/64-Bit)<br \/>\nWindows Vista (32\/64-Bit)<br \/>\nWindows XP 32 bits (SP3 ou sup\u00e9rieur)<br \/>\nProzessor: Pentium 300 MHz oder h\u00f6her<br \/>\nARBEITSSPEICHER: 256 MB<br \/>\nDisque dur: 240 Mo d'espace libre<br \/>\nRemarque: Le VPN Panda n\u00e9cessite Windows 7 ou sup\u00e9rieur et .NET Framework 4.6 ou sup\u00e9rieur.<\/p>\n<p>Smartphones ou tablettes Android<\/p>\n<p>Syst\u00e8me d'exploitation: Android 4 ou sup\u00e9rieur<br \/>\niPhone\/iPad<\/p>\n<p>Syst\u00e8me d'exploitation: iOS 7 ou sup\u00e9rieur<\/p>\n\n    <div class=\"xs_social_share_widget xs_share_url after_content \t\tmain_content  wslu-style-1 wslu-share-box-shaped wslu-fill-colored wslu-none wslu-share-horizontal wslu-theme-font-no wslu-main_content\">\n\n\t\t\n        <ul>\n\t\t\t        <\/ul>\n    <\/div>","protected":false},"excerpt":{"rendered":"<p>Panda Dome Complete est votre garantie d'une s\u00e9curit\u00e9 compl\u00e8te pour tous vos appareils, donn\u00e9es, vie priv\u00e9e, identit\u00e9 en ligne et la protection de vos enfants.<\/p>\n<p><strong>EXP\u00c9DI\u00c9 EN 1 JOUR PAR EMAIL<\/strong><\/p>\n<div id=\"gtx-trans\" style=\"position: absolute; left: -46px; top: -10px;\">\n<div class=\"gtx-trans-icon\"><\/div>\n<\/div>","protected":false},"featured_media":25715,"comment_status":"closed","ping_status":"closed","template":"","meta":{"_acf_changed":false},"product_brand":[],"product_cat":[93,63,130,115],"product_tag":[],"class_list":{"0":"post-21631","1":"product","2":"type-product","3":"status-publish","4":"has-post-thumbnail","6":"product_cat-antivirus","7":"product_cat-antivirus-security","8":"product_cat-antivirushome","9":"product_cat-panda","11":"first","12":"instock","13":"sale","14":"taxable","15":"shipping-taxable","16":"purchasable","17":"product-type-variable"},"acf":[],"_links":{"self":[{"href":"https:\/\/crodev.swisssoftware24.ch\/fr\/wp-json\/wp\/v2\/product\/21631","targetHints":{"allow":["GET"]}}],"collection":[{"href":"https:\/\/crodev.swisssoftware24.ch\/fr\/wp-json\/wp\/v2\/product"}],"about":[{"href":"https:\/\/crodev.swisssoftware24.ch\/fr\/wp-json\/wp\/v2\/types\/product"}],"replies":[{"embeddable":true,"href":"https:\/\/crodev.swisssoftware24.ch\/fr\/wp-json\/wp\/v2\/comments?post=21631"}],"wp:featuredmedia":[{"embeddable":true,"href":"https:\/\/crodev.swisssoftware24.ch\/fr\/wp-json\/wp\/v2\/media\/25715"}],"wp:attachment":[{"href":"https:\/\/crodev.swisssoftware24.ch\/fr\/wp-json\/wp\/v2\/media?parent=21631"}],"wp:term":[{"taxonomy":"product_brand","embeddable":true,"href":"https:\/\/crodev.swisssoftware24.ch\/fr\/wp-json\/wp\/v2\/product_brand?post=21631"},{"taxonomy":"product_cat","embeddable":true,"href":"https:\/\/crodev.swisssoftware24.ch\/fr\/wp-json\/wp\/v2\/product_cat?post=21631"},{"taxonomy":"product_tag","embeddable":true,"href":"https:\/\/crodev.swisssoftware24.ch\/fr\/wp-json\/wp\/v2\/product_tag?post=21631"}],"curies":[{"name":"wp","href":"https:\/\/api.w.org\/{rel}","templated":true}]}}