{"id":19565,"date":"2023-09-15T13:17:07","date_gmt":"2023-09-15T11:17:07","guid":{"rendered":"https:\/\/crodev.swisssoftware24.ch\/?post_type=product&#038;p=19565"},"modified":"2025-11-29T23:56:54","modified_gmt":"2025-11-29T22:56:54","slug":"bitdefender-antivirus-plus","status":"publish","type":"product","link":"https:\/\/crodev.swisssoftware24.ch\/fr\/products\/bitdefender-antivirus-plus\/","title":{"rendered":"Bitdefender Antivirus Plus"},"content":{"rendered":"<p>Bitdefender Antivirus Plus est un logiciel de s\u00e9curit\u00e9 efficace et l\u00e9ger qui offre une protection compl\u00e8te contre les virus, les logiciels malveillants et autres menaces en ligne. Gr\u00e2ce aux technologies modernes de d\u00e9tection des menaces, l'utilisateur peut naviguer sur le web ou effectuer des t\u00e2ches quotidiennes sur son ordinateur en toute s\u00e9r\u00e9nit\u00e9.<\/p>\n<p>Le programme offre une protection avanc\u00e9e de la vie priv\u00e9e en bloquant le suivi en ligne et en supprimant les cookies ainsi que l'historique de navigation. La technologie Anti-Phishing pr\u00e9vient les tentatives d'hame\u00e7onnage de donn\u00e9es, en avertissant l'utilisateur des sites web dangereux et des faux messages.<\/p>\n<p>Bitdefender Antivirus Plus fonctionne en arri\u00e8re-plan sans ralentir les performances du syst\u00e8me. Les mises \u00e0 jour automatiques et une interface conviviale en font un choix id\u00e9al aussi bien pour les d\u00e9butants que pour les utilisateurs avanc\u00e9s qui ont besoin d'une protection efficace sans extras superflus.<\/p>\n<p><strong>Vous trouverez plus d'informations sur ce produit\u00a0<a href=\"https:\/\/crodev.swisssoftware24.ch\/fr\/bitdefender-antivirus-plus-stark-schlank-zuverlaessig\/\">ici<\/a>.<\/strong><\/p>\n<h3>Bitdefender Antivirus Plus \u2013 configuration syst\u00e8me requise<\/h3>\n<ul>\n<li>Syst\u00e8me d'exploitation: Windows 7 avec Service Pack 1, Windows 8.1, Windows 10, Windows 11<\/li>\n<li>Processeur: Intel Core 2 Duo ou \u00e9quivalent AMD<\/li>\n<li>M\u00e9moire (RAM): 2 Go<\/li>\n<li>Espace disque disponible: 2,5 Go d'espace libre<\/li>\n<\/ul>\n\n    <div class=\"xs_social_share_widget xs_share_url after_content \t\tmain_content  wslu-style-1 wslu-share-box-shaped wslu-fill-colored wslu-none wslu-share-horizontal wslu-theme-font-no wslu-main_content\">\n\n\t\t\n        <ul>\n\t\t\t        <\/ul>\n    <\/div>","protected":false},"excerpt":{"rendered":"<p>Bitdefender Antivirus Plus a \u00e9t\u00e9 con\u00e7u pour les utilisateurs cherchant \u00e0 combiner s\u00e9curit\u00e9 et confort. Il offre des technologies avanc\u00e9es pour prot\u00e9ger contre les virus, les logiciels malveillants, le phishing et autres menaces, garantissant ainsi une utilisation sans souci d'Internet. Le programme est \u00e9galement convivial et l\u00e9ger, ce qui le rend id\u00e9al aussi bien pour les d\u00e9butants que pour les utilisateurs exp\u00e9riment\u00e9s.<\/p>\n<p>En commandant ce produit, vous obtenez une licence d'un an ou de deux ans, selon l'option choisie, sous forme de cl\u00e9 \u00e9lectronique, permettant d'utiliser l'antivirus sur un, trois ou cinq appareils. Cette version est con\u00e7ue pour les ordinateurs sous syst\u00e8me d'exploitation Windows et le logiciel est disponible en plusieurs langues.<\/p>\n<p><strong>LIVRAISON PAR E-MAIL EN 5 MINUTES<\/strong><\/p>","protected":false},"featured_media":33967,"comment_status":"closed","ping_status":"closed","template":"","meta":{"_acf_changed":false},"product_brand":[],"product_cat":[93,63,112],"product_tag":[],"class_list":{"0":"post-19565","1":"product","2":"type-product","3":"status-publish","4":"has-post-thumbnail","6":"product_cat-antivirus","7":"product_cat-antivirus-security","8":"product_cat-bitdefender","10":"first","11":"instock","12":"taxable","13":"shipping-taxable","14":"purchasable","15":"product-type-variable"},"acf":[],"_links":{"self":[{"href":"https:\/\/crodev.swisssoftware24.ch\/fr\/wp-json\/wp\/v2\/product\/19565","targetHints":{"allow":["GET"]}}],"collection":[{"href":"https:\/\/crodev.swisssoftware24.ch\/fr\/wp-json\/wp\/v2\/product"}],"about":[{"href":"https:\/\/crodev.swisssoftware24.ch\/fr\/wp-json\/wp\/v2\/types\/product"}],"replies":[{"embeddable":true,"href":"https:\/\/crodev.swisssoftware24.ch\/fr\/wp-json\/wp\/v2\/comments?post=19565"}],"wp:featuredmedia":[{"embeddable":true,"href":"https:\/\/crodev.swisssoftware24.ch\/fr\/wp-json\/wp\/v2\/media\/33967"}],"wp:attachment":[{"href":"https:\/\/crodev.swisssoftware24.ch\/fr\/wp-json\/wp\/v2\/media?parent=19565"}],"wp:term":[{"taxonomy":"product_brand","embeddable":true,"href":"https:\/\/crodev.swisssoftware24.ch\/fr\/wp-json\/wp\/v2\/product_brand?post=19565"},{"taxonomy":"product_cat","embeddable":true,"href":"https:\/\/crodev.swisssoftware24.ch\/fr\/wp-json\/wp\/v2\/product_cat?post=19565"},{"taxonomy":"product_tag","embeddable":true,"href":"https:\/\/crodev.swisssoftware24.ch\/fr\/wp-json\/wp\/v2\/product_tag?post=19565"}],"curies":[{"name":"wp","href":"https:\/\/api.w.org\/{rel}","templated":true}]}}