{"id":19139,"date":"2023-08-30T09:30:44","date_gmt":"2023-08-30T07:30:44","guid":{"rendered":"https:\/\/crodev.swisssoftware24.ch\/?post_type=product&#038;p=19139"},"modified":"2025-11-29T23:56:54","modified_gmt":"2025-11-29T22:56:54","slug":"bitdefender-premium-vpn","status":"publish","type":"product","link":"https:\/\/crodev.swisssoftware24.ch\/fr\/products\/bitdefender-premium-vpn\/","title":{"rendered":"Bitdefender PREMIUM VPN"},"content":{"rendered":"<p data-sourcepos=\"5:1-5:364\">Bitdefender Premium VPN est un outil avanc\u00e9 garantissant une anonymat et une s\u00e9curit\u00e9 totales lors de l'utilisation d'Internet. Gr\u00e2ce \u00e0 sa technologie de chiffrement de haut niveau, il prot\u00e8ge toutes les donn\u00e9es transmises contre les acc\u00e8s non autoris\u00e9s, m\u00eame sur les r\u00e9seaux Wi-Fi publics. C'est la solution id\u00e9ale pour les utilisateurs qui accordent de l'importance \u00e0 la confidentialit\u00e9 et \u00e0 la libert\u00e9 en ligne.<\/p>\n<p data-sourcepos=\"7:1-7:324\">Le programme emp\u00eache efficacement le suivi par les sites web, les annonceurs et autres tiers. Il masque l'adresse IP et la localisation, permettant ainsi de contourner la censure et d'acc\u00e9der \u00e0 des contenus bloqu\u00e9s r\u00e9gionalement. L'utilisateur peut librement profiter des services de streaming et d'autres services depuis n'importe o\u00f9 dans le monde.<\/p>\n<p data-sourcepos=\"9:1-9:388\">Bitdefender Premium VPN a \u00e9t\u00e9 con\u00e7u dans un souci de simplicit\u00e9 d'utilisation. Il active automatiquement la connexion VPN sur les r\u00e9seaux non fiables et fonctionne avec des applications s\u00e9lectionn\u00e9es. Gr\u00e2ce \u00e0 son interface intuitive et \u00e0 sa compatibilit\u00e9 avec de nombreuses plateformes, c'est un excellent choix aussi bien pour les d\u00e9butants que pour les utilisateurs avanc\u00e9s.<\/p>\n<p><strong>Vous trouverez plus d'informations sur ce produit\u00a0<a href=\"https:\/\/crodev.swisssoftware24.ch\/fr\/bitdefender-premium-vpn-sicher-schnell-ohne-kompromisse\/\">ici<\/a>.<\/strong><\/p>\n<h3>Bitdefender PREMIUM VPN \u2013 configuration syst\u00e8me requise<\/h3>\n<ul>\n<li>Syst\u00e8me d'exploitation: Windows 7 avec Service Pack 1, Windows 8.1, Windows 10 et Windows 11<\/li>\n<li>M\u00e9moire (RAM): 1 Go<\/li>\n<li>Espace disque disponible: 500 Mo d'espace libre<br \/>\nLes anciens processeurs peuvent entra\u00eener une baisse de performances du syst\u00e8me.<\/li>\n<li>.NET Framework : version 4.5.2 ou sup\u00e9rieure<\/li>\n<\/ul>\n\n    <div class=\"xs_social_share_widget xs_share_url after_content \t\tmain_content  wslu-style-1 wslu-share-box-shaped wslu-fill-colored wslu-none wslu-share-horizontal wslu-theme-font-no wslu-main_content\">\n\n\t\t\n        <ul>\n\t\t\t        <\/ul>\n    <\/div>","protected":false},"excerpt":{"rendered":"<p>Bitdefender Premium VPN a \u00e9t\u00e9 con\u00e7u pour les utilisateurs ayant besoin d'une protection fiable de leurs donn\u00e9es en ligne. Il offre une vari\u00e9t\u00e9 de fonctions permettant une navigation s\u00e9curis\u00e9e sur Internet, l'acc\u00e8s \u00e0 des contenus g\u00e9ographiquement restreints et une protection contre les menaces en ligne.<\/p>\n<p>En choisissant ce produit, vous obtenez une licence d'un an sous forme de cl\u00e9 \u00e9lectronique, qui permet une navigation anonyme sur Internet pour dix appareils. Cette version est compatible avec les syst\u00e8mes d'exploitation Windows, macOS, Android et iOS. Le logiciel est disponible en plusieurs langues.<\/p>\n<p><strong>LIVRAISON PAR E-MAIL EN 5 MINUTES<\/strong><\/p>","protected":false},"featured_media":33968,"comment_status":"closed","ping_status":"closed","template":"","meta":{"_acf_changed":false},"product_brand":[],"product_cat":[93,94,63,112,84],"product_tag":[],"class_list":{"0":"post-19139","1":"product","2":"type-product","3":"status-publish","4":"has-post-thumbnail","6":"product_cat-antivirus","7":"product_cat-antivirus-security-fur-unternehmen","8":"product_cat-antivirus-security","9":"product_cat-bitdefender","10":"product_cat-vpn","12":"first","13":"instock","14":"taxable","15":"shipping-taxable","16":"purchasable","17":"product-type-simple"},"acf":[],"_links":{"self":[{"href":"https:\/\/crodev.swisssoftware24.ch\/fr\/wp-json\/wp\/v2\/product\/19139","targetHints":{"allow":["GET"]}}],"collection":[{"href":"https:\/\/crodev.swisssoftware24.ch\/fr\/wp-json\/wp\/v2\/product"}],"about":[{"href":"https:\/\/crodev.swisssoftware24.ch\/fr\/wp-json\/wp\/v2\/types\/product"}],"replies":[{"embeddable":true,"href":"https:\/\/crodev.swisssoftware24.ch\/fr\/wp-json\/wp\/v2\/comments?post=19139"}],"wp:featuredmedia":[{"embeddable":true,"href":"https:\/\/crodev.swisssoftware24.ch\/fr\/wp-json\/wp\/v2\/media\/33968"}],"wp:attachment":[{"href":"https:\/\/crodev.swisssoftware24.ch\/fr\/wp-json\/wp\/v2\/media?parent=19139"}],"wp:term":[{"taxonomy":"product_brand","embeddable":true,"href":"https:\/\/crodev.swisssoftware24.ch\/fr\/wp-json\/wp\/v2\/product_brand?post=19139"},{"taxonomy":"product_cat","embeddable":true,"href":"https:\/\/crodev.swisssoftware24.ch\/fr\/wp-json\/wp\/v2\/product_cat?post=19139"},{"taxonomy":"product_tag","embeddable":true,"href":"https:\/\/crodev.swisssoftware24.ch\/fr\/wp-json\/wp\/v2\/product_tag?post=19139"}],"curies":[{"name":"wp","href":"https:\/\/api.w.org\/{rel}","templated":true}]}}