{"id":18351,"date":"2023-07-28T14:35:16","date_gmt":"2023-07-28T12:35:16","guid":{"rendered":"https:\/\/crodev.swisssoftware24.ch\/?post_type=product&#038;p=18351"},"modified":"2025-11-29T23:56:54","modified_gmt":"2025-11-29T22:56:54","slug":"kaspersky-plus","status":"publish","type":"product","link":"https:\/\/crodev.swisssoftware24.ch\/fr\/products\/kaspersky-plus\/","title":{"rendered":"Kaspersky Plus"},"content":{"rendered":"<p data-start=\"374\" data-end=\"759\">Kaspersky Plus est une solution de s\u00e9curit\u00e9 compl\u00e8te pour tous ceux qui souhaitent prot\u00e9ger de mani\u00e8re fiable leurs appareils et leurs donn\u00e9es personnelles. Le logiciel combine une technologie antivirus moderne avec des fonctions pratiques de protection des donn\u00e9es et de performance. Il s'adresse aussi bien aux utilisateurs occasionnels qu'aux utilisateurs exigeants qui effectuent r\u00e9guli\u00e8rement des achats en ligne, du streaming ou des op\u00e9rations bancaires.<\/p>\n<p data-start=\"761\" data-end=\"1183\">Outre la protection en temps r\u00e9el contre les logiciels malveillants, les logiciels espions, les ran\u00e7ongiciels et le phishing, Kaspersky Plus offre \u00e9galement des fonctions sp\u00e9ciales telles que le paiement s\u00e9curis\u00e9 et un gestionnaire de mots de passe. Un VPN illimit\u00e9 prot\u00e8ge vos activit\u00e9s en ligne et permet une navigation anonyme \u2013 m\u00eame sur les r\u00e9seaux publics. De plus, les utilisateurs b\u00e9n\u00e9ficient de fonctions de nettoyage de la m\u00e9moire, d'optimisation des performances et d'un mode jeu sans interruption.<\/p>\n<p data-start=\"1185\" data-end=\"1467\">'interface conviviale et la large prise en charge des plateformes (Windows, macOS, Android, iOS) font de Kaspersky Plus une solution polyvalente pour la vie num\u00e9rique quotidienne. Que ce soit \u00e0 la maison, au bureau ou en d\u00e9placement \u2013 votre s\u00e9curit\u00e9 et votre vie priv\u00e9e sont toujours garanties.<\/p>\n<p data-start=\"1185\" data-end=\"1467\"><strong>Vous trouverez plus d'informations sur ce produit\u00a0<a href=\"https:\/\/crodev.swisssoftware24.ch\/fr\/kaspersky-plus-rundum-schutz-mit-intelligenter-technologie\/\">ici<\/a>.<\/strong><\/p>\n<h3>Kaspersky Plus \u2013 configuration syst\u00e8me requise<\/h3>\n<table class=\"product--properties-table\">\n<tbody>\n<tr class=\"product--properties-row\">\n<td class=\"product--properties-label is--bold\">Syst\u00e8me d'exploitation<\/td>\n<td class=\"product--properties-value\">\n<div class=\"jb-options jb-icons jb-os-android\">Android, iOS, macOS, Windows<\/div>\n<\/td>\n<\/tr>\n<tr class=\"product--properties-row\">\n<td class=\"product--properties-label is--bold is-last\">Applications incluses<\/td>\n<td class=\"product--properties-value is-last\">\n<div class=\"jb-options jb-multi-device\">Multi-appareils, Gestionnaire de mots de passe, Optimiseur de PC, Protection anti-hame\u00e7onnage, S\u00e9curit\u00e9 bancaire, Navigation s\u00e9curis\u00e9e, Protection antivirus, VPN, S\u00e9curit\u00e9 Wi-Fi<\/div>\n<\/td>\n<\/tr>\n<\/tbody>\n<\/table>\n\n    <div class=\"xs_social_share_widget xs_share_url after_content \t\tmain_content  wslu-style-1 wslu-share-box-shaped wslu-fill-colored wslu-none wslu-share-horizontal wslu-theme-font-no wslu-main_content\">\n\n\t\t\n        <ul>\n\t\t\t        <\/ul>\n    <\/div>","protected":false},"excerpt":{"rendered":"<p>Kaspersky Plus am\u00e9liore votre exp\u00e9rience en ligne avec une protection compl\u00e8te, des performances optimales et la confidentialit\u00e9. La solution comprend des fonctionnalit\u00e9s telles que la protection des paiements et un gestionnaire de mots de passe avanc\u00e9. De plus, elle offre un VPN illimit\u00e9 pour vous maintenir anonyme lors de la navigation, de la recherche et de l'acc\u00e8s au contenu.<\/p>\n<p><strong>LIVRAISON PAR E-MAIL EN 5 MINUTES<\/strong><\/p>","protected":false},"featured_media":25826,"comment_status":"closed","ping_status":"closed","template":"","meta":{"_acf_changed":false},"product_brand":[],"product_cat":[93,63,108],"product_tag":[],"class_list":{"0":"post-18351","1":"product","2":"type-product","3":"status-publish","4":"has-post-thumbnail","6":"product_cat-antivirus","7":"product_cat-antivirus-security","8":"product_cat-kaspersky","10":"first","11":"instock","12":"sale","13":"taxable","14":"shipping-taxable","15":"purchasable","16":"product-type-variable"},"acf":[],"_links":{"self":[{"href":"https:\/\/crodev.swisssoftware24.ch\/fr\/wp-json\/wp\/v2\/product\/18351","targetHints":{"allow":["GET"]}}],"collection":[{"href":"https:\/\/crodev.swisssoftware24.ch\/fr\/wp-json\/wp\/v2\/product"}],"about":[{"href":"https:\/\/crodev.swisssoftware24.ch\/fr\/wp-json\/wp\/v2\/types\/product"}],"replies":[{"embeddable":true,"href":"https:\/\/crodev.swisssoftware24.ch\/fr\/wp-json\/wp\/v2\/comments?post=18351"}],"wp:featuredmedia":[{"embeddable":true,"href":"https:\/\/crodev.swisssoftware24.ch\/fr\/wp-json\/wp\/v2\/media\/25826"}],"wp:attachment":[{"href":"https:\/\/crodev.swisssoftware24.ch\/fr\/wp-json\/wp\/v2\/media?parent=18351"}],"wp:term":[{"taxonomy":"product_brand","embeddable":true,"href":"https:\/\/crodev.swisssoftware24.ch\/fr\/wp-json\/wp\/v2\/product_brand?post=18351"},{"taxonomy":"product_cat","embeddable":true,"href":"https:\/\/crodev.swisssoftware24.ch\/fr\/wp-json\/wp\/v2\/product_cat?post=18351"},{"taxonomy":"product_tag","embeddable":true,"href":"https:\/\/crodev.swisssoftware24.ch\/fr\/wp-json\/wp\/v2\/product_tag?post=18351"}],"curies":[{"name":"wp","href":"https:\/\/api.w.org\/{rel}","templated":true}]}}