{"id":15272,"date":"2023-03-12T02:43:04","date_gmt":"2023-03-12T01:43:04","guid":{"rendered":"https:\/\/crodev.swisssoftware24.ch\/?post_type=product&#038;p=15272"},"modified":"2025-11-29T23:56:54","modified_gmt":"2025-11-29T22:56:54","slug":"g-data-total-security-copy","status":"publish","type":"product","link":"https:\/\/crodev.swisssoftware24.ch\/fr\/products\/g-data-total-security-copy\/","title":{"rendered":"G Data Internet Security"},"content":{"rendered":"<p data-start=\"364\" data-end=\"718\">G Data Internet Security est une solution de s\u00e9curit\u00e9 compl\u00e8te qui assure une protection lors de la navigation, des op\u00e9rations bancaires en ligne et des achats sur Internet. Le logiciel prot\u00e8ge vos donn\u00e9es personnelles contre le phishing, les logiciels malveillants et les cyberattaques, et bloque les sites web suspects en temps r\u00e9el. Gr\u00e2ce \u00e0 des analyses intelligentes, votre vie priv\u00e9e est toujours pr\u00e9serv\u00e9e.<\/p>\n<p data-start=\"720\" data-end=\"1006\">Les parents b\u00e9n\u00e9ficient du contr\u00f4le parental int\u00e9gr\u00e9, qui permet de filtrer sp\u00e9cifiquement le contenu Internet et de limiter le temps en ligne des enfants. De plus, la protection des e-mails garantit que les pi\u00e8ces jointes nuisibles et les messages de phishing sont automatiquement d\u00e9tect\u00e9s et bloqu\u00e9s.<\/p>\n<p data-start=\"1008\" data-end=\"1305\">Avec un puissant moteur antivirus, un pare-feu et des mises \u00e0 jour continues, G Data Internet Security assure une protection compl\u00e8te et moderne \u2013 sans compromettre les performances du syst\u00e8me. Le logiciel est disponible pour Windows et macOS et offre une grande facilit\u00e9 d'utilisation.<\/p>\n<p><strong>Vous trouverez plus d'informations sur ce produit\u00a0<a href=\"https:\/\/crodev.swisssoftware24.ch\/fr\/g-data-internet-security-sicherheit-die-mitdenkt\/\">ici<\/a>.<\/strong><\/p>\n<h3>G Data Internet Security \u2013 configuration syst\u00e8me requise<\/h3>\n<ul>\n<li><strong>syst\u00e8mes d&#039;exploitation\u00a0<\/strong>Windows 10\/8.1\/7 (SP1); macOS 10.12 et versions ult\u00e9rieures, 2 Go de RAM ; Android 4.1 et sup\u00e9rieur\u00a0; iOS 11 et versions ult\u00e9rieures<\/li>\n<li><strong>M\u00e9moire vive\u00a0<\/strong>2 Go de RAM<\/li>\n<\/ul>\n\n    <div class=\"xs_social_share_widget xs_share_url after_content \t\tmain_content  wslu-style-1 wslu-share-box-shaped wslu-fill-colored wslu-none wslu-share-horizontal wslu-theme-font-no wslu-main_content\">\n\n\t\t\n        <ul>\n\t\t\t        <\/ul>\n    <\/div>","protected":false},"excerpt":{"rendered":"<p>G Data Total Security est un logiciel complet con\u00e7u pour prot\u00e9ger votre ordinateur et votre vie priv\u00e9e en ligne. En le choisissant, vous b\u00e9n\u00e9ficiez d'une protection pour un, trois, cinq ou dix appareils, en fonction du type de licence que vous s\u00e9lectionnez.<\/p>","protected":false},"featured_media":25753,"comment_status":"closed","ping_status":"closed","template":"","meta":{"_acf_changed":false},"product_brand":[],"product_cat":[93,63,111],"product_tag":[],"class_list":{"0":"post-15272","1":"product","2":"type-product","3":"status-publish","4":"has-post-thumbnail","6":"product_cat-antivirus","7":"product_cat-antivirus-security","8":"product_cat-g-data","10":"first","11":"onbackorder","12":"taxable","13":"shipping-taxable","14":"purchasable","15":"product-type-variable"},"acf":[],"_links":{"self":[{"href":"https:\/\/crodev.swisssoftware24.ch\/fr\/wp-json\/wp\/v2\/product\/15272","targetHints":{"allow":["GET"]}}],"collection":[{"href":"https:\/\/crodev.swisssoftware24.ch\/fr\/wp-json\/wp\/v2\/product"}],"about":[{"href":"https:\/\/crodev.swisssoftware24.ch\/fr\/wp-json\/wp\/v2\/types\/product"}],"replies":[{"embeddable":true,"href":"https:\/\/crodev.swisssoftware24.ch\/fr\/wp-json\/wp\/v2\/comments?post=15272"}],"wp:featuredmedia":[{"embeddable":true,"href":"https:\/\/crodev.swisssoftware24.ch\/fr\/wp-json\/wp\/v2\/media\/25753"}],"wp:attachment":[{"href":"https:\/\/crodev.swisssoftware24.ch\/fr\/wp-json\/wp\/v2\/media?parent=15272"}],"wp:term":[{"taxonomy":"product_brand","embeddable":true,"href":"https:\/\/crodev.swisssoftware24.ch\/fr\/wp-json\/wp\/v2\/product_brand?post=15272"},{"taxonomy":"product_cat","embeddable":true,"href":"https:\/\/crodev.swisssoftware24.ch\/fr\/wp-json\/wp\/v2\/product_cat?post=15272"},{"taxonomy":"product_tag","embeddable":true,"href":"https:\/\/crodev.swisssoftware24.ch\/fr\/wp-json\/wp\/v2\/product_tag?post=15272"}],"curies":[{"name":"wp","href":"https:\/\/api.w.org\/{rel}","templated":true}]}}