{"id":15268,"date":"2023-03-12T02:32:54","date_gmt":"2023-03-12T01:32:54","guid":{"rendered":"https:\/\/crodev.swisssoftware24.ch\/?post_type=product&#038;p=15268"},"modified":"2025-11-30T00:17:25","modified_gmt":"2025-11-29T23:17:25","slug":"norton-antivirus-plus","status":"publish","type":"product","link":"https:\/\/crodev.swisssoftware24.ch\/fr\/products\/norton-antivirus-plus\/","title":{"rendered":"Norton Antivirus Plus"},"content":{"rendered":"<p data-start=\"190\" data-end=\"468\">Norton Antivirus Plus est une solution de s\u00e9curit\u00e9 efficace et conviviale qui offre une protection compl\u00e8te contre les virus, les logiciels malveillants et autres menaces en ligne. Il d\u00e9tecte et supprime de mani\u00e8re fiable les logiciels malveillants tels que les chevaux de Troie, les vers, les ransomwares et les logiciels espions en temps r\u00e9el.<\/p>\n<p data-start=\"470\" data-end=\"770\">De plus, le programme prot\u00e8ge contre les tentatives de phishing en bloquant les sites web frauduleux qui tentent de voler des informations confidentielles comme les mots de passe ou les donn\u00e9es de paiement. Un pare-feu int\u00e9gr\u00e9 emp\u00eache tout acc\u00e8s non autoris\u00e9 \u00e0 votre appareil et s\u00e9curise votre connexion Internet.<\/p>\n<p data-start=\"772\" data-end=\"1024\">Norton Antivirus Plus est \u00e9conome en ressources et n'affecte pas les performances de votre syst\u00e8me. Il est disponible sur Windows, macOS, Android et iOS, offrant \u00e0 tous les utilisateurs un acc\u00e8s au support technique \u2013 pour une utilisation enti\u00e8rement s\u00e9curis\u00e9e et stable.<\/p>\n<p data-start=\"772\" data-end=\"1024\"><strong>Vous trouverez plus d'informations sur ce produit\u00a0<a href=\"https:\/\/crodev.swisssoftware24.ch\/fr\/norton-antivirus-plus-einfach-sicher-surfen\/\">ici<\/a>.<\/strong><\/p>\n<h3>Norton Antivirus Plus \u2013 configuration syst\u00e8me requise<\/h3>\n<ul>\n<li><strong>Syst\u00e8me d'exploitation <\/strong>Windows, Mac, Andro\u00efd, iOS<\/li>\n<\/ul>\n\n    <div class=\"xs_social_share_widget xs_share_url after_content \t\tmain_content  wslu-style-1 wslu-share-box-shaped wslu-fill-colored wslu-none wslu-share-horizontal wslu-theme-font-no wslu-main_content\">\n\n\t\t\n        <ul>\n\t\t\t        <\/ul>\n    <\/div>","protected":false},"excerpt":{"rendered":"<p>Norton AntiVirus Plus est id\u00e9al pour un PC ou un Mac, offrant une protection en temps r\u00e9el contre les logiciels malveillants, les logiciels espions, les ran\u00e7ongiciels, les attaques de phishing et autres menaces en ligne.<\/p>\n<p>Lien de t\u00e9l\u00e9chargement + Cl\u00e9 de produit (ESD) pour 1 an pour 1 appareil.<\/p>","protected":false},"featured_media":25834,"comment_status":"closed","ping_status":"closed","template":"","meta":{"_acf_changed":false},"product_brand":[],"product_cat":[93,63,109],"product_tag":[],"class_list":{"0":"post-15268","1":"product","2":"type-product","3":"status-publish","4":"has-post-thumbnail","6":"product_cat-antivirus","7":"product_cat-antivirus-security","8":"product_cat-norton","10":"first","11":"onbackorder","12":"virtual","13":"taxable","14":"purchasable","15":"product-type-simple"},"acf":[],"_links":{"self":[{"href":"https:\/\/crodev.swisssoftware24.ch\/fr\/wp-json\/wp\/v2\/product\/15268","targetHints":{"allow":["GET"]}}],"collection":[{"href":"https:\/\/crodev.swisssoftware24.ch\/fr\/wp-json\/wp\/v2\/product"}],"about":[{"href":"https:\/\/crodev.swisssoftware24.ch\/fr\/wp-json\/wp\/v2\/types\/product"}],"replies":[{"embeddable":true,"href":"https:\/\/crodev.swisssoftware24.ch\/fr\/wp-json\/wp\/v2\/comments?post=15268"}],"wp:featuredmedia":[{"embeddable":true,"href":"https:\/\/crodev.swisssoftware24.ch\/fr\/wp-json\/wp\/v2\/media\/25834"}],"wp:attachment":[{"href":"https:\/\/crodev.swisssoftware24.ch\/fr\/wp-json\/wp\/v2\/media?parent=15268"}],"wp:term":[{"taxonomy":"product_brand","embeddable":true,"href":"https:\/\/crodev.swisssoftware24.ch\/fr\/wp-json\/wp\/v2\/product_brand?post=15268"},{"taxonomy":"product_cat","embeddable":true,"href":"https:\/\/crodev.swisssoftware24.ch\/fr\/wp-json\/wp\/v2\/product_cat?post=15268"},{"taxonomy":"product_tag","embeddable":true,"href":"https:\/\/crodev.swisssoftware24.ch\/fr\/wp-json\/wp\/v2\/product_tag?post=15268"}],"curies":[{"name":"wp","href":"https:\/\/api.w.org\/{rel}","templated":true}]}}