{"id":15238,"date":"2023-03-11T04:07:03","date_gmt":"2023-03-11T03:07:03","guid":{"rendered":"https:\/\/crodev.swisssoftware24.ch\/?post_type=product&#038;p=15238"},"modified":"2025-11-30T00:17:25","modified_gmt":"2025-11-29T23:17:25","slug":"microsoft-word-2019","status":"publish","type":"product","link":"https:\/\/crodev.swisssoftware24.ch\/fr\/products\/microsoft-word-2019\/","title":{"rendered":"Word 2019"},"content":{"rendered":"<p data-start=\"392\" data-end=\"802\">Microsoft Word 2019 est un puissant programme de traitement de texte qui offre une multitude d'outils aussi bien pour les d\u00e9butants que pour les utilisateurs professionnels. Il permet de cr\u00e9er, de formater et de g\u00e9rer des documents au plus haut niveau. Gr\u00e2ce \u00e0 des options de mise en page compl\u00e8tes et \u00e0 une v\u00e9rification orthographique et grammaticale int\u00e9gr\u00e9e, des documents professionnels sans erreur sont garantis.<\/p>\n<p data-start=\"804\" data-end=\"1190\">Le logiciel s\u00e9duit par ses param\u00e8tres de page intuitifs, l'insertion facile d'images, de tableaux ou de diagrammes, ainsi que la possibilit\u00e9 de concevoir des documents visuellement attrayants. Des mod\u00e8les de formatage \u00e9tendus et la prise en charge des notes de bas de page, des tables des mati\u00e8res et des num\u00e9rotations automatiques rendent Word 2019 id\u00e9al pour les textes volumineux tels que les rapports ou les m\u00e9moires.<\/p>\n<p data-start=\"1192\" data-end=\"1464\">Gr\u00e2ce \u00e0 l'int\u00e9gration avec le cloud Microsoft, il est possible de travailler en collaboration sur des documents \u00e0 tout moment et en tout lieu. La collaboration en temps r\u00e9el, de nombreux mod\u00e8les de conception ainsi qu'un \u00e9change fluide avec d'autres programmes Office compl\u00e8tent l'ensemble professionnel.<\/p>\n<p data-start=\"1192\" data-end=\"1464\"><strong>Vous trouverez plus d'informations sur ce produit\u00a0<a href=\"https:\/\/crodev.swisssoftware24.ch\/fr\/microsoft-word-2019-ihr-werkzeug-fuer-perfekte-dokumente\/\">ici<\/a>.<\/strong><\/p>\n<h3>Microsoft Word 2019 \u2013 configuration syst\u00e8me requise<\/h3>\n<ul>\n<li><strong>syst\u00e8me\u00a0<\/strong>10, Serveur Windows 2019 INDISPENSABLE ! Windows 7 et versions ant\u00e9rieures ne sont plus pris en charge<\/li>\n<li><strong>processeur<\/strong>\u00a0\u00a0 x86 \/ x64 avec au moins 1 GHz et le jeu d&#039;instructions SSE2<\/li>\n<li><strong>RAM.<\/strong>\u00a0\u00a0 1 Go de RAM 32 bits ; 2 Go de RAM 64 bits<\/li>\n<li><strong>disque dur<\/strong>\u00a0 3 Go<\/li>\n<\/ul>\n\n    <div class=\"xs_social_share_widget xs_share_url after_content \t\tmain_content  wslu-style-1 wslu-share-box-shaped wslu-fill-colored wslu-none wslu-share-horizontal wslu-theme-font-no wslu-main_content\">\n\n\t\t\n        <ul>\n\t\t\t        <\/ul>\n    <\/div>","protected":false},"excerpt":{"rendered":"<p>Microsoft Word, quel que soit l'ann\u00e9e de sa sortie, est un best-seller pour la modification de textes. Ses nombreuses fonctionnalit\u00e9s vous permettent de travailler aussi bien \u00e0 la maison qu'au bureau. Quelle est sa principale caract\u00e9ristique ?<\/p>\n<p>Lien de t\u00e9l\u00e9chargement + cl\u00e9 de produit (ESD) pour 1 PC<\/p>\n<p><strong>Livraison sous 24 heures par e-mail !<\/strong><\/p>","protected":false},"featured_media":15239,"comment_status":"closed","ping_status":"closed","template":"","meta":{"_acf_changed":false},"product_brand":[],"product_cat":[96,71,73],"product_tag":[],"class_list":{"0":"post-15238","1":"product","2":"type-product","3":"status-publish","4":"has-post-thumbnail","6":"product_cat-einzelne-office-programme","7":"product_cat-office","8":"product_cat-office-2019","10":"first","11":"onbackorder","12":"virtual","13":"taxable","14":"purchasable","15":"product-type-simple"},"acf":[],"_links":{"self":[{"href":"https:\/\/crodev.swisssoftware24.ch\/fr\/wp-json\/wp\/v2\/product\/15238","targetHints":{"allow":["GET"]}}],"collection":[{"href":"https:\/\/crodev.swisssoftware24.ch\/fr\/wp-json\/wp\/v2\/product"}],"about":[{"href":"https:\/\/crodev.swisssoftware24.ch\/fr\/wp-json\/wp\/v2\/types\/product"}],"replies":[{"embeddable":true,"href":"https:\/\/crodev.swisssoftware24.ch\/fr\/wp-json\/wp\/v2\/comments?post=15238"}],"wp:featuredmedia":[{"embeddable":true,"href":"https:\/\/crodev.swisssoftware24.ch\/fr\/wp-json\/wp\/v2\/media\/15239"}],"wp:attachment":[{"href":"https:\/\/crodev.swisssoftware24.ch\/fr\/wp-json\/wp\/v2\/media?parent=15238"}],"wp:term":[{"taxonomy":"product_brand","embeddable":true,"href":"https:\/\/crodev.swisssoftware24.ch\/fr\/wp-json\/wp\/v2\/product_brand?post=15238"},{"taxonomy":"product_cat","embeddable":true,"href":"https:\/\/crodev.swisssoftware24.ch\/fr\/wp-json\/wp\/v2\/product_cat?post=15238"},{"taxonomy":"product_tag","embeddable":true,"href":"https:\/\/crodev.swisssoftware24.ch\/fr\/wp-json\/wp\/v2\/product_tag?post=15238"}],"curies":[{"name":"wp","href":"https:\/\/api.w.org\/{rel}","templated":true}]}}