{"id":15148,"date":"2023-03-09T02:51:26","date_gmt":"2023-03-09T01:51:26","guid":{"rendered":"https:\/\/crodev.swisssoftware24.ch\/?post_type=product&#038;p=15148"},"modified":"2025-11-30T00:17:25","modified_gmt":"2025-11-29T23:17:25","slug":"microsoft-excel-2021","status":"publish","type":"product","link":"https:\/\/crodev.swisssoftware24.ch\/fr\/products\/microsoft-excel-2021\/","title":{"rendered":"Microsoft Excel 2021"},"content":{"rendered":"<p class=\"\" data-start=\"228\" data-end=\"668\">Microsoft Excel 2021 est un tableur puissant, id\u00e9al pour organiser, calculer et analyser des donn\u00e9es num\u00e9riques. Gr\u00e2ce \u00e0 de nombreuses formules et fonctions int\u00e9gr\u00e9es, les op\u00e9rations arithm\u00e9tiques telles que l'addition, la division ou les calculs financiers complexes peuvent \u00eatre effectu\u00e9es rapidement et avec pr\u00e9cision. Excel prend \u00e9galement en charge le filtrage, le tri et la structuration de grandes quantit\u00e9s de donn\u00e9es.<\/p>\n<p class=\"\" data-start=\"670\" data-end=\"1060\">Une fonctionnalit\u00e9 centrale est la possibilit\u00e9 de cr\u00e9er des graphiques tels que des histogrammes, des courbes ou des diagrammes circulaires pour visualiser clairement les donn\u00e9es. De plus, des macros peuvent \u00eatre utilis\u00e9es pour automatiser les t\u00e2ches r\u00e9p\u00e9titives et rendre les processus plus efficaces. L'interface utilisateur est claire et prend en charge une navigation rapide, m\u00eame dans les classeurs complexes.<\/p>\n<p class=\"\" data-start=\"1062\" data-end=\"1419\">Gr\u00e2ce \u00e0 des fonctions d'analyse \u00e9tendues telles que les courbes de tendance, les pr\u00e9visions ou les regroupements, Excel 2021 est particuli\u00e8rement appr\u00e9ci\u00e9 des entreprises, des analystes et des chercheurs. Parall\u00e8lement, le logiciel offre de nombreuses options de mise en forme, telles que la mise en \u00e9vidence des couleurs, la mise en forme des cellules ou la personnalisation des polices \u2013 pour une pr\u00e9sentation professionnelle de votre travail.<\/p>\n<p data-start=\"1062\" data-end=\"1419\"><strong>Vous trouverez plus d'informations sur ce produit\u00a0<a href=\"https:\/\/crodev.swisssoftware24.ch\/fr\/microsoft-excel-2021-das-moderne-werkzeug-fuer-daten-berechnungen-und-analysen\/\">ici<\/a>.<\/strong><\/p>\n<h3>Microsoft Excel 2021 \u2013 configuration syst\u00e8me requise<\/h3>\n<ul>\n<li><strong>Processeur\u00a0<\/strong>Windows 11 ou Windows 10 avec 1,6 GHz, processeur 2 c\u0153urs\/dernier macOS<\/li>\n<li><strong>Syst\u00e8me d'exploitation\u00a0<\/strong>Windows 11 ou Windows 10 pour PC ; macOS pour Mac<\/li>\n<li><strong>M\u00e9moire vive\u00a0<\/strong>4 Go (64 bits), 2 Go (32 bits) de RAM pour PC\u00a0; 4 Go de RAM pour Mac<\/li>\n<li><strong>Espace disque dur\u00a0<\/strong>4 Go d&#039;espace disque disponible pour PC, 10 Go pour Mac<\/li>\n<li><strong>Carte graphique\u00a0<\/strong>Carte graphique DirectX 10 pour utiliser l&#039;acc\u00e9l\u00e9ration mat\u00e9rielle graphique pour PC<\/li>\n<li><strong>Exigences syst\u00e8me suppl\u00e9mentaires<\/strong>Acc\u00e8s Internet et compte Microsoft<\/li>\n<\/ul>\n\n    <div class=\"xs_social_share_widget xs_share_url after_content \t\tmain_content  wslu-style-1 wslu-share-box-shaped wslu-fill-colored wslu-none wslu-share-horizontal wslu-theme-font-no wslu-main_content\">\n\n\t\t\n        <ul>\n\t\t\t        <\/ul>\n    <\/div>","protected":false},"excerpt":{"rendered":"<p>Excel est un programme de cr\u00e9ation, de gestion et d'analyse de feuilles de calcul. C'est certainement l'un des outils les plus populaires pour travailler avec des donn\u00e9es num\u00e9riques, utilis\u00e9 non seulement par les entreprises directement li\u00e9es aux finances, car les formules utilis\u00e9es permettent d'adapter le programme \u00e0 divers besoins. Qu'y a-t-il dedans ?<\/p>","protected":false},"featured_media":15149,"comment_status":"closed","ping_status":"closed","template":"","meta":{"_acf_changed":false},"product_brand":[],"product_cat":[96,71,74],"product_tag":[],"class_list":{"0":"post-15148","1":"product","2":"type-product","3":"status-publish","4":"has-post-thumbnail","6":"product_cat-einzelne-office-programme","7":"product_cat-office","8":"product_cat-office-2021","10":"first","11":"onbackorder","12":"taxable","13":"shipping-taxable","14":"purchasable","15":"product-type-simple"},"acf":[],"_links":{"self":[{"href":"https:\/\/crodev.swisssoftware24.ch\/fr\/wp-json\/wp\/v2\/product\/15148","targetHints":{"allow":["GET"]}}],"collection":[{"href":"https:\/\/crodev.swisssoftware24.ch\/fr\/wp-json\/wp\/v2\/product"}],"about":[{"href":"https:\/\/crodev.swisssoftware24.ch\/fr\/wp-json\/wp\/v2\/types\/product"}],"replies":[{"embeddable":true,"href":"https:\/\/crodev.swisssoftware24.ch\/fr\/wp-json\/wp\/v2\/comments?post=15148"}],"wp:featuredmedia":[{"embeddable":true,"href":"https:\/\/crodev.swisssoftware24.ch\/fr\/wp-json\/wp\/v2\/media\/15149"}],"wp:attachment":[{"href":"https:\/\/crodev.swisssoftware24.ch\/fr\/wp-json\/wp\/v2\/media?parent=15148"}],"wp:term":[{"taxonomy":"product_brand","embeddable":true,"href":"https:\/\/crodev.swisssoftware24.ch\/fr\/wp-json\/wp\/v2\/product_brand?post=15148"},{"taxonomy":"product_cat","embeddable":true,"href":"https:\/\/crodev.swisssoftware24.ch\/fr\/wp-json\/wp\/v2\/product_cat?post=15148"},{"taxonomy":"product_tag","embeddable":true,"href":"https:\/\/crodev.swisssoftware24.ch\/fr\/wp-json\/wp\/v2\/product_tag?post=15148"}],"curies":[{"name":"wp","href":"https:\/\/api.w.org\/{rel}","templated":true}]}}