{"id":14920,"date":"2023-03-05T21:01:56","date_gmt":"2023-03-05T20:01:56","guid":{"rendered":"https:\/\/crodev.swisssoftware24.ch\/?post_type=product&#038;p=14920"},"modified":"2025-11-29T23:56:54","modified_gmt":"2025-11-29T22:56:54","slug":"eset-internet-security","status":"publish","type":"product","link":"https:\/\/crodev.swisssoftware24.ch\/fr\/products\/eset-internet-security\/","title":{"rendered":"ESET Internet Security"},"content":{"rendered":"<p><a class=\"btn-demo\" href=\"https:\/\/www.eset.com\/ch-de\/home\/internet-security\/download\/\" target=\"_blank\" rel=\"noopener\">Version d'essai gratuite<\/a><\/p>\n<p class=\"\" data-start=\"82\" data-end=\"500\">ESET Internet Security offre une protection de premier ordre pour les op\u00e9rations bancaires en ligne en s\u00e9curisant votre navigateur web, permettant ainsi des paiements s\u00e9curis\u00e9s et l'utilisation de portefeuilles \u00e9lectroniques. M\u00eame si votre appareil est perdu ou vol\u00e9, le logiciel prot\u00e8ge vos donn\u00e9es sensibles et vous permet de localiser l'appareil. Gr\u00e2ce \u00e0 la fonction Anti-Theft, vous pouvez m\u00eame identifier le coupable \u00e0 l'aide de la cam\u00e9ra.<\/p>\n<p class=\"\" data-start=\"502\" data-end=\"948\">L'installation intuitive et plus de 150 param\u00e8tres personnalisables font d'ESET Internet Security une solution de s\u00e9curit\u00e9 flexible pour tous les besoins. Le programme fonctionne en arri\u00e8re-plan sans affecter les performances du syst\u00e8me, vous permettant d'utiliser d'autres applications en douceur. Les outils d'optimisation aident \u00e0 supprimer les fichiers inutiles, \u00e0 am\u00e9liorer les param\u00e8tres du syst\u00e8me et \u00e0 mettre \u00e0 jour les pilotes.<\/p>\n<p class=\"\" data-start=\"950\" data-end=\"1397\">Gr\u00e2ce aux technologies de scan de pointe, ESET Internet Security d\u00e9tecte et \u00e9limine m\u00eame les menaces les plus complexes en temps r\u00e9el. Le pare-feu int\u00e9gr\u00e9 prot\u00e8ge votre r\u00e9seau contre les acc\u00e8s non autoris\u00e9s, tandis que le filtre anti-phishing bloque les sites web suspects. Pour les familles, le programme offre des fonctionnalit\u00e9s de contr\u00f4le parental compl\u00e8tes, qui bloquent les contenus inappropri\u00e9s et surveillent les activit\u00e9s en ligne des enfants.<\/p>\n<p><strong>Vous trouverez plus d'informations sur ce produit\u00a0<a href=\"https:\/\/crodev.swisssoftware24.ch\/fr\/eset-internet-security-umfassender-schutz-fuer-ihre-online-sicherheit\/\">ici<\/a>.<\/strong><\/p>\n<h3>ESET Internet Security \u2013 configuration syst\u00e8me requise<\/h3>\n<p><strong>Exigences syst\u00e8me:\u00a0<\/strong>Microsoft Windows\u00ae 10, 8.1, 8, 7 avec SP1 et les derni\u00e8res mises \u00e0 jour KB, macOS 10.15 (Catalina), macOS 10.14 (Mojave), macOS 10.13 (High Sierra), macOS 10.12.x (Sierra), OS X 10.11.x (El Capitan), OS X 10.10.x (Yosemite), OS X 10.9.x (Mavericks), Android 4.0 et versions ult\u00e9rieures* (*AndroidTV 7.0 et versions ult\u00e9rieures), Debian, RedHat, Ubuntu, OpenSuSe, Fedora, Mandriva, ainsi que la plupart des distributions RPM et DEB.<\/p>\n\n    <div class=\"xs_social_share_widget xs_share_url after_content \t\tmain_content  wslu-style-1 wslu-share-box-shaped wslu-fill-colored wslu-none wslu-share-horizontal wslu-theme-font-no wslu-main_content\">\n\n\t\t\n        <ul>\n\t\t\t        <\/ul>\n    <\/div>","protected":false},"excerpt":{"rendered":"<p>ESET Internet Security est un logiciel antivirus con\u00e7u pour les utilisateurs soucieux de leur vie priv\u00e9e lorsqu'ils utilisent Internet pour faire des achats, des op\u00e9rations bancaires en ligne, travailler et communiquer avec d'autres.<\/p>","protected":false},"featured_media":25659,"comment_status":"closed","ping_status":"closed","template":"","meta":{"_acf_changed":false},"product_brand":[],"product_cat":[93,63,114],"product_tag":[],"class_list":{"0":"post-14920","1":"product","2":"type-product","3":"status-publish","4":"has-post-thumbnail","6":"product_cat-antivirus","7":"product_cat-antivirus-security","8":"product_cat-eset","10":"first","11":"instock","12":"sale","13":"taxable","14":"shipping-taxable","15":"purchasable","16":"product-type-variable"},"acf":[],"_links":{"self":[{"href":"https:\/\/crodev.swisssoftware24.ch\/fr\/wp-json\/wp\/v2\/product\/14920","targetHints":{"allow":["GET"]}}],"collection":[{"href":"https:\/\/crodev.swisssoftware24.ch\/fr\/wp-json\/wp\/v2\/product"}],"about":[{"href":"https:\/\/crodev.swisssoftware24.ch\/fr\/wp-json\/wp\/v2\/types\/product"}],"replies":[{"embeddable":true,"href":"https:\/\/crodev.swisssoftware24.ch\/fr\/wp-json\/wp\/v2\/comments?post=14920"}],"wp:featuredmedia":[{"embeddable":true,"href":"https:\/\/crodev.swisssoftware24.ch\/fr\/wp-json\/wp\/v2\/media\/25659"}],"wp:attachment":[{"href":"https:\/\/crodev.swisssoftware24.ch\/fr\/wp-json\/wp\/v2\/media?parent=14920"}],"wp:term":[{"taxonomy":"product_brand","embeddable":true,"href":"https:\/\/crodev.swisssoftware24.ch\/fr\/wp-json\/wp\/v2\/product_brand?post=14920"},{"taxonomy":"product_cat","embeddable":true,"href":"https:\/\/crodev.swisssoftware24.ch\/fr\/wp-json\/wp\/v2\/product_cat?post=14920"},{"taxonomy":"product_tag","embeddable":true,"href":"https:\/\/crodev.swisssoftware24.ch\/fr\/wp-json\/wp\/v2\/product_tag?post=14920"}],"curies":[{"name":"wp","href":"https:\/\/api.w.org\/{rel}","templated":true}]}}