{"id":13588,"date":"2023-02-25T18:23:19","date_gmt":"2023-02-25T17:23:19","guid":{"rendered":"https:\/\/www.swisssoftware24.ch\/?post_type=product&#038;p=13588"},"modified":"2025-11-30T00:17:24","modified_gmt":"2025-11-29T23:17:24","slug":"kaspersky-password-manager-2021","status":"publish","type":"product","link":"https:\/\/crodev.swisssoftware24.ch\/fr\/products\/kaspersky-password-manager-2021\/","title":{"rendered":"Kaspersky Password Manager"},"content":{"rendered":"<p data-start=\"82\" data-end=\"443\">Kaspersky Password Manager offre une solution s\u00e9curis\u00e9e et pratique pour g\u00e9rer les mots de passe et les donn\u00e9es sensibles. En plus des mots de passe, le logiciel stocke les num\u00e9ros de carte de cr\u00e9dit, les adresses e-mail, les num\u00e9ros de t\u00e9l\u00e9phone et les notes, tous s\u00e9curis\u00e9s par des technologies de cryptage avanc\u00e9es, garantissant que vous seul pouvez y acc\u00e9der.<\/p>\n<p data-start=\"445\" data-end=\"788\">Gr\u00e2ce au remplissage automatique des formulaires, vous n'avez plus besoin de saisir manuellement des mots de passe longs et complexes. Cela permet de gagner du temps, d'\u00e9viter les fautes de frappe et de se connecter rapidement et en toute s\u00e9curit\u00e9 aux comptes en ligne. De plus, le programme g\u00e9n\u00e8re des mots de passe forts et uniques qui prot\u00e8gent vos comptes contre les cyberattaques.<\/p>\n<p data-start=\"790\" data-end=\"1154\" data-is-last-node=\"\" data-is-only-node=\"\">Kaspersky Password Manager est disponible pour Windows, Mac, iOS et Android, permettant une synchronisation transparente entre diff\u00e9rents appareils. L'int\u00e9gration avec les navigateurs Internet facilite encore plus l'enregistrement et le remplissage automatique des mots de passe, afin que vous puissiez acc\u00e9der \u00e0 vos donn\u00e9es en toute s\u00e9curit\u00e9 \u00e0 tout moment et en tout lieu.<\/p>\n<p data-start=\"790\" data-end=\"1154\" data-is-last-node=\"\" data-is-only-node=\"\"><strong>Vous trouverez plus d'informations sur ce produit\u00a0<a href=\"https:\/\/crodev.swisssoftware24.ch\/fr\/kaspersky-password-manager-sichere-passwortverwaltung-fuer-maximale-online-sicherheit\/\">ici<\/a>.<\/strong><\/p>\n<h3>Kaspersky Password Manager \u2013 configuration syst\u00e8me requise<\/h3>\n<ul>\n<li><strong>Syst\u00e8me d'exploitation<\/strong>\u00a0 Windows 7 ou plus r\u00e9cent<\/li>\n<li><strong>RAM.<\/strong>\u00a0 1 Go<\/li>\n<li><strong>disque dur<\/strong>\u00a0 150 Mo<\/li>\n<\/ul>\n\n    <div class=\"xs_social_share_widget xs_share_url after_content \t\tmain_content  wslu-style-1 wslu-share-box-shaped wslu-fill-colored wslu-none wslu-share-horizontal wslu-theme-font-no wslu-main_content\">\n\n\t\t\n        <ul>\n\t\t\t        <\/ul>\n    <\/div>","protected":false},"excerpt":{"rendered":"<p>Kaspersky Password Manager est un outil d\u00e9di\u00e9 \u00e0 la gestion s\u00e9curis\u00e9e des mots de passe, con\u00e7u pour simplifier la cr\u00e9ation et le stockage de mots de passe robustes, ainsi que d'autres informations confidentielles. Il centralise ces donn\u00e9es dans une base de donn\u00e9es s\u00e9curis\u00e9e par un mot de passe principal ou une cl\u00e9 d'acc\u00e8s complexe.<\/p>\n<p>1 an pour 1 pc<\/p>","protected":false},"featured_media":25821,"comment_status":"closed","ping_status":"closed","template":"","meta":{"_acf_changed":false},"product_brand":[],"product_cat":[93,63,108],"product_tag":[],"class_list":{"0":"post-13588","1":"product","2":"type-product","3":"status-publish","4":"has-post-thumbnail","6":"product_cat-antivirus","7":"product_cat-antivirus-security","8":"product_cat-kaspersky","10":"first","11":"onbackorder","12":"sale","13":"taxable","14":"shipping-taxable","15":"purchasable","16":"product-type-simple"},"acf":[],"_links":{"self":[{"href":"https:\/\/crodev.swisssoftware24.ch\/fr\/wp-json\/wp\/v2\/product\/13588","targetHints":{"allow":["GET"]}}],"collection":[{"href":"https:\/\/crodev.swisssoftware24.ch\/fr\/wp-json\/wp\/v2\/product"}],"about":[{"href":"https:\/\/crodev.swisssoftware24.ch\/fr\/wp-json\/wp\/v2\/types\/product"}],"replies":[{"embeddable":true,"href":"https:\/\/crodev.swisssoftware24.ch\/fr\/wp-json\/wp\/v2\/comments?post=13588"}],"wp:featuredmedia":[{"embeddable":true,"href":"https:\/\/crodev.swisssoftware24.ch\/fr\/wp-json\/wp\/v2\/media\/25821"}],"wp:attachment":[{"href":"https:\/\/crodev.swisssoftware24.ch\/fr\/wp-json\/wp\/v2\/media?parent=13588"}],"wp:term":[{"taxonomy":"product_brand","embeddable":true,"href":"https:\/\/crodev.swisssoftware24.ch\/fr\/wp-json\/wp\/v2\/product_brand?post=13588"},{"taxonomy":"product_cat","embeddable":true,"href":"https:\/\/crodev.swisssoftware24.ch\/fr\/wp-json\/wp\/v2\/product_cat?post=13588"},{"taxonomy":"product_tag","embeddable":true,"href":"https:\/\/crodev.swisssoftware24.ch\/fr\/wp-json\/wp\/v2\/product_tag?post=13588"}],"curies":[{"name":"wp","href":"https:\/\/api.w.org\/{rel}","templated":true}]}}