{"id":24921,"date":"2024-03-25T21:17:18","date_gmt":"2024-03-25T20:17:18","guid":{"rendered":"https:\/\/crodev.swisssoftware24.ch\/?post_type=product&#038;p=24921"},"modified":"2025-11-30T00:17:25","modified_gmt":"2025-11-29T23:17:25","slug":"ashampoo-zip-pro-4","status":"publish","type":"product","link":"https:\/\/crodev.swisssoftware24.ch\/en\/products\/ashampoo-zip-pro-4\/","title":{"rendered":"Ashampoo ZIP Pro 4"},"content":{"rendered":"<p class=\"\" data-start=\"279\" data-end=\"713\">Ashampoo ZIP Pro 4 is a powerful all-in-one solution for all tasks related to compression, encryption, and file management. The software supports all common archive formats and impresses with faster compression, a modern user interface, and seamless integration into Windows 11. Extracting and creating complex archives is also significantly easier thanks to the integrated file explorer.<\/p>\n<p class=\"\" data-start=\"715\" data-end=\"1068\">Particularly practical is the support for cloud services and FTP servers, allowing you to directly access and work with archives in online storage. Thanks to Office add-ins, ZIP files can also be created and opened directly from Word, Excel, or Outlook. Additionally, there is a portable version for mobile use without installation.<\/p>\n<p class=\"\" data-start=\"1070\" data-end=\"1399\">Ashampoo ZIP Pro 4 also offers a comprehensive backup and burning function that supports local, network, cloud, or FTP drives, as well as CD\/DVD\/Blu-ray media. The software is fully compatible with high-resolution 4K displays and utilizes the latest Windows technologies \u2013 ideal for both private users and businesses.<\/p>\n<p data-start=\"1070\" data-end=\"1399\"><strong>You can find more information about this product\u00a0<a href=\"https:\/\/crodev.swisssoftware24.ch\/en\/ashampoo-zip-pro-4-komprimieren-sichern-und-verwalten-auf-hoechstem-niveau\/\">here<\/a>.<\/strong><\/p>\n<h3>Ashampoo ZIP Pro 4 \u2013 system requirements<\/h3>\n<ul>\n<li><strong class=\"font-semibold tracking-tight\">Operating System: <\/strong>Windows 7, 8, 10, 11.<\/li>\n<li><strong class=\"font-semibold tracking-tight\">Requirements: <\/strong>Any device that supports the above operating systems.<\/li>\n<li><strong class=\"font-semibold tracking-tight\">Other: <\/strong>An internet connection is required to activate the program. The program license is periodically verified. Administrative rights on the system are needed to use the program.<\/li>\n<\/ul>\n\n    <div class=\"xs_social_share_widget xs_share_url after_content \t\tmain_content  wslu-style-1 wslu-share-box-shaped wslu-fill-colored wslu-none wslu-share-horizontal wslu-theme-font-no wslu-main_content\">\n\n\t\t\n        <ul>\n\t\t\t        <\/ul>\n    <\/div>","protected":false},"excerpt":{"rendered":"<p class=\"translation-block\">Ashampoo ZIP Pro 4 ist eine umfassende <strong>Software f\u00fcr Datenkompression<\/strong> und bietet fortschrittliche Funktionen f\u00fcr Kompression, Extraktion, Verschl\u00fcsselung und die Erstellung von Dateibackups. Sie unterst\u00fctzt \u00fcber 60 Archivtypen, was sie zu einem vielseitigen Werkzeug f\u00fcr die Handhabung verschiedener Dateiformate macht. Zu den Schl\u00fcsselfunktionen geh\u00f6ren die weltweit schnellste <strong>ZIP\/ZIPX-Engine<\/strong>, vollst\u00e4ndige Unterst\u00fctzung f\u00fcr Multicore-Prozessoren, <strong>256-Bit-Verschl\u00fcsselung<\/strong> f\u00fcr die Sicherheit von Archiven sowie volle Kompatibilit\u00e4t mit Windows 11.<\/p>\n<p class=\"translation-block\">Mit diesem Produkt erwerben Sie eine ewige Lizenz in Form eines elektronischen Schl\u00fcssels, der Sie zur Nutzung des <strong>ZIP-Dateikompressionsprogramms<\/strong> auf einem Ger\u00e4t berechtigt. Es handelt sich um eine Version f\u00fcr Computer mit Windows-Betriebssystemen. Die Software ist mehrsprachig.<\/p>","protected":false},"featured_media":25467,"comment_status":"closed","ping_status":"closed","template":"","meta":{"_acf_changed":false},"product_brand":[],"product_cat":[131,95,65,77,83],"product_tag":[],"class_list":{"0":"post-24921","1":"product","2":"type-product","3":"status-publish","4":"has-post-thumbnail","6":"product_cat-andere","7":"product_cat-buro-software","8":"product_cat-fur-unternehmen","9":"product_cat-office-programme","10":"product_cat-video-grafik-andere","12":"first","13":"onbackorder","14":"virtual","15":"taxable","16":"purchasable","17":"product-type-simple"},"acf":[],"_links":{"self":[{"href":"https:\/\/crodev.swisssoftware24.ch\/en\/wp-json\/wp\/v2\/product\/24921","targetHints":{"allow":["GET"]}}],"collection":[{"href":"https:\/\/crodev.swisssoftware24.ch\/en\/wp-json\/wp\/v2\/product"}],"about":[{"href":"https:\/\/crodev.swisssoftware24.ch\/en\/wp-json\/wp\/v2\/types\/product"}],"replies":[{"embeddable":true,"href":"https:\/\/crodev.swisssoftware24.ch\/en\/wp-json\/wp\/v2\/comments?post=24921"}],"wp:featuredmedia":[{"embeddable":true,"href":"https:\/\/crodev.swisssoftware24.ch\/en\/wp-json\/wp\/v2\/media\/25467"}],"wp:attachment":[{"href":"https:\/\/crodev.swisssoftware24.ch\/en\/wp-json\/wp\/v2\/media?parent=24921"}],"wp:term":[{"taxonomy":"product_brand","embeddable":true,"href":"https:\/\/crodev.swisssoftware24.ch\/en\/wp-json\/wp\/v2\/product_brand?post=24921"},{"taxonomy":"product_cat","embeddable":true,"href":"https:\/\/crodev.swisssoftware24.ch\/en\/wp-json\/wp\/v2\/product_cat?post=24921"},{"taxonomy":"product_tag","embeddable":true,"href":"https:\/\/crodev.swisssoftware24.ch\/en\/wp-json\/wp\/v2\/product_tag?post=24921"}],"curies":[{"name":"wp","href":"https:\/\/api.w.org\/{rel}","templated":true}]}}